{"id":20749,"date":"2023-10-09T12:43:38","date_gmt":"2023-10-09T12:43:38","guid":{"rendered":"https:\/\/artkuechen.com\/?page_id=20749"},"modified":"2026-03-24T13:09:27","modified_gmt":"2026-03-24T13:09:27","slug":"smart-home","status":"publish","type":"page","link":"https:\/\/artkuechen.com\/index.php\/smart-home\/","title":{"rendered":"Smart Home"},"content":{"rendered":"\t\t<div data-elementor-type=\"wp-page\" data-elementor-id=\"20749\" class=\"elementor elementor-20749\">\n\t\t\t\t\t\t<section class=\"elementor-section elementor-top-section elementor-element elementor-element-fa7e763 elementor-section-boxed elementor-section-height-default elementor-section-height-default\" data-id=\"fa7e763\" data-element_type=\"section\" data-e-type=\"section\">\n\t\t\t\t\t\t<div class=\"elementor-container elementor-column-gap-default\">\n\t\t\t\t\t<div class=\"elementor-column elementor-col-100 elementor-top-column elementor-element elementor-element-7dc0dcb\" data-id=\"7dc0dcb\" data-element_type=\"column\" data-e-type=\"column\">\n\t\t\t<div class=\"elementor-widget-wrap elementor-element-populated\">\n\t\t\t\t\t\t<div class=\"elementor-section elementor-inner-section elementor-element elementor-element-0c94f59 elementor-section-boxed elementor-section-height-default elementor-section-height-default\" data-id=\"0c94f59\" data-element_type=\"section\" data-e-type=\"section\">\n\t\t\t\t\t\t<div class=\"elementor-container elementor-column-gap-no\">\n\t\t\t\t\t<div class=\"elementor-column elementor-col-50 elementor-inner-column elementor-element elementor-element-70d7c60\" data-id=\"70d7c60\" data-element_type=\"column\" data-e-type=\"column\">\n\t\t\t<div class=\"elementor-widget-wrap elementor-element-populated\">\n\t\t\t\t\t\t<div class=\"elementor-element elementor-element-18add8c elementor-icon-left elementor-widget elementor-widget-kitchor-heading\" data-id=\"18add8c\" data-element_type=\"widget\" data-e-type=\"widget\" data-widget_type=\"kitchor-heading.default\">\n\t\t\t\t<div class=\"elementor-widget-container\">\n\t\t\t\t\t<h2 class=\"elementor-heading-title elementor-size-default\"><span>Smart Home<\/span><\/h2>\t\t\t\t<\/div>\n\t\t\t\t<\/div>\n\t\t\t\t<div class=\"elementor-element elementor-element-2e8888e elementor-widget elementor-widget-text-editor\" data-id=\"2e8888e\" data-element_type=\"widget\" data-e-type=\"widget\" data-widget_type=\"text-editor.default\">\n\t\t\t\t<div class=\"elementor-widget-container\">\n\t\t\t\t\t\t\t\t\t<p>Sie \u00fcberlegen, ob Smart Home f\u00fcr Sie richtig ist? Dann kommen Sie gerne zu uns. Wir orientieren uns an den Ausstattungswerten der RAL-RG 678, der Richtlinie f\u00fcr moderne Elektroinstallation. Damit bieten wir Ihnen die Sicherheit der perfekten Umsetzung.<\/p>\t\t\t\t\t\t\t\t<\/div>\n\t\t\t\t<\/div>\n\t\t\t\t<div class=\"elementor-element elementor-element-005a300 elementor-widget elementor-widget-text-editor\" data-id=\"005a300\" data-element_type=\"widget\" data-e-type=\"widget\" data-widget_type=\"text-editor.default\">\n\t\t\t\t<div class=\"elementor-widget-container\">\n\t\t\t\t\t\t\t\t\t<p><strong>Was ist eigentlich Smart Home?<\/strong><\/p><p>Die Digitalisierung erobert zunehmend die Steuerung der Abl\u00e4ufe in H\u00e4usern und Wohnungen.\u00a0<strong>Smart Home,<\/strong>\u00a0\u00fcbersetzt das\u00a0<strong>intelligente Haus,\u00a0<\/strong>beschreibt die Heimautomatisierung. Wir verwirklichen Smart Home durch die Vernetzung der Abl\u00e4ufe der Haustechnik, der Hausger\u00e4te und der Unterhaltungselektronik und deren zentraler Steuerung.<\/p>\t\t\t\t\t\t\t\t<\/div>\n\t\t\t\t<\/div>\n\t\t\t\t<div class=\"elementor-element elementor-element-777cd2b elementor-widget elementor-widget-text-editor\" data-id=\"777cd2b\" data-element_type=\"widget\" data-e-type=\"widget\" data-widget_type=\"text-editor.default\">\n\t\t\t\t<div class=\"elementor-widget-container\">\n\t\t\t\t\t\t\t\t\t<p><strong>Vorteile von Smart Home<\/strong><\/p><p>Mit Smart Home optimieren wir in Ihrem Wohnbereich:<\/p><ul><li>Ihren Wohnkomfort<\/li><li>Ihre Sicherheit \u2013 z.B. Schutz gegen Einbruch, Wasser, Feuer<\/li><li>Energieeinsparung durch effiziente Energienutzung<\/li><\/ul>\t\t\t\t\t\t\t\t<\/div>\n\t\t\t\t<\/div>\n\t\t\t\t<div class=\"elementor-element elementor-element-d3ccc54 elementor-widget elementor-widget-text-editor\" data-id=\"d3ccc54\" data-element_type=\"widget\" data-e-type=\"widget\" data-widget_type=\"text-editor.default\">\n\t\t\t\t<div class=\"elementor-widget-container\">\n\t\t\t\t\t\t\t\t\t<p><strong>Welches System ist f\u00fcr Sie das Beste?<\/strong><\/p><p>Wir bieten Ihnen mit Smart Home\u00a0 zwei unterschiedliche Systeme an:<\/p><ul><li>die\u00a0<strong>drahtlose Zwei-Wege-Funktechnologie<\/strong>\u00a0oder<\/li><li>das\u00a0<strong>leitungsgebundene Bussystem<\/strong><\/li><\/ul><p>Beide Systeme k\u00f6nnen wir f\u00fcr Sie mit dem Internet verbinden, sodass Sie sie \u00fcber Smartphone oder Tablet auch von unterwegs steuern k\u00f6nnen.<\/p><blockquote><p><strong>Drahtlose Funksysteme<\/strong><\/p><p>Wenn Sie Ihr Haus bzw. Ihre Wohnung\u00a0nachr\u00fcsten\u00a0wollen, empfehlen wir Ihnen\u00a0<strong>drahtlose Funksysteme,<\/strong>\u00a0bei denen der Funkserver als Zentrale seine Steuerbefehle an die diversen Stationen wie Heizungs- oder Lichtanlage sendet. Diese Systeme punkten damit, dass Sie keine W\u00e4nde aufstemmen oder Leitungen verlegen lassen m\u00fcssen. F\u00fcr Mieter bringt ein drahtloses Funksystem au\u00dferdem den Vorteil, dass sie es im Falle eines Wohnungswechsels mitnehmen k\u00f6nnen.<\/p><\/blockquote><p><strong>Leitungsgebundes Bussystem<\/strong><\/p><p>Wir beraten Sie auch beim\u00a0<strong>leitungsgebundenen Bussystem,<\/strong>\u00a0das kabelgebunden ist. Dieses d\u00fcrfte interessant sein, wenn Sie\u00a0<strong>neu bauen<\/strong>\u00a0oder bei der\u00a0<strong>Sanierung\u00a0<\/strong>Ihres Hauses oder der Wohnung die veraltete Elektrik komplett austauschen m\u00fcssen. Beim Neubau verlegen wir die Datenleitungen daf\u00fcr parallel mit den Elektroleitungen. \u00dcber BUS, eine Datenleitung, schlie\u00dfen wir alle Komponenten zusammen.<\/p>\t\t\t\t\t\t\t\t<\/div>\n\t\t\t\t<\/div>\n\t\t\t\t\t<\/div>\n\t\t<\/div>\n\t\t\t\t<div class=\"elementor-column elementor-col-50 elementor-inner-column elementor-element elementor-element-573499e\" data-id=\"573499e\" data-element_type=\"column\" data-e-type=\"column\">\n\t\t\t<div class=\"elementor-widget-wrap elementor-element-populated\">\n\t\t\t\t\t\t<div class=\"elementor-element elementor-element-98c6bc3 elementor-widget elementor-widget-image\" data-id=\"98c6bc3\" data-element_type=\"widget\" data-e-type=\"widget\" data-widget_type=\"image.default\">\n\t\t\t\t<div class=\"elementor-widget-container\">\n\t\t\t\t\t\t\t\t\t\t\t\t\t\t\t<img fetchpriority=\"high\" decoding=\"async\" width=\"1069\" height=\"1579\" src=\"https:\/\/artkuechen.com\/wp-content\/uploads\/2023\/09\/23.png\" class=\"attachment-full size-full wp-image-18148\" alt=\"\" srcset=\"https:\/\/artkuechen.com\/wp-content\/uploads\/2023\/09\/23.png 1069w, https:\/\/artkuechen.com\/wp-content\/uploads\/2023\/09\/23-203x300.png 203w, https:\/\/artkuechen.com\/wp-content\/uploads\/2023\/09\/23-693x1024.png 693w, https:\/\/artkuechen.com\/wp-content\/uploads\/2023\/09\/23-768x1134.png 768w, https:\/\/artkuechen.com\/wp-content\/uploads\/2023\/09\/23-1040x1536.png 1040w, https:\/\/artkuechen.com\/wp-content\/uploads\/2023\/09\/23-800x1182.png 800w\" sizes=\"(max-width: 1069px) 100vw, 1069px\" \/>\t\t\t\t\t\t\t\t\t\t\t\t\t\t\t<\/div>\n\t\t\t\t<\/div>\n\t\t\t\t<div class=\"elementor-element elementor-element-47d4eb1 elementor-widget elementor-widget-image\" data-id=\"47d4eb1\" data-element_type=\"widget\" data-e-type=\"widget\" data-widget_type=\"image.default\">\n\t\t\t\t<div class=\"elementor-widget-container\">\n\t\t\t\t\t\t\t\t\t\t\t\t\t\t\t<img decoding=\"async\" width=\"768\" height=\"665\" src=\"https:\/\/artkuechen.com\/wp-content\/uploads\/2023\/09\/51-768x665.png\" class=\"attachment-medium_large size-medium_large wp-image-17387\" alt=\"\" srcset=\"https:\/\/artkuechen.com\/wp-content\/uploads\/2023\/09\/51-768x665.png 768w, https:\/\/artkuechen.com\/wp-content\/uploads\/2023\/09\/51-300x260.png 300w, https:\/\/artkuechen.com\/wp-content\/uploads\/2023\/09\/51-1024x887.png 1024w, https:\/\/artkuechen.com\/wp-content\/uploads\/2023\/09\/51-800x693.png 800w, https:\/\/artkuechen.com\/wp-content\/uploads\/2023\/09\/51.png 1347w\" sizes=\"(max-width: 768px) 100vw, 768px\" \/>\t\t\t\t\t\t\t\t\t\t\t\t\t\t\t<\/div>\n\t\t\t\t<\/div>\n\t\t\t\t\t<\/div>\n\t\t<\/div>\n\t\t\t\t\t<\/div>\n\t\t<\/div>\n\t\t\t\t\t<\/div>\n\t\t<\/div>\n\t\t\t\t\t<\/div>\n\t\t<\/section>\n\t\t\t\t<\/div>\n\t\t","protected":false},"excerpt":{"rendered":"<p>Smart Home Sie \u00fcberlegen, ob Smart Home f\u00fcr Sie richtig ist? Dann kommen Sie gerne zu uns. Wir orientieren uns an den Ausstattungswerten der RAL-RG 678, der Richtlinie f\u00fcr moderne Elektroinstallation. Damit bieten wir Ihnen die Sicherheit der perfekten Umsetzung. Was ist eigentlich Smart Home? Die Digitalisierung erobert zunehmend die Steuerung der Abl\u00e4ufe in H\u00e4usern [&hellip;]<\/p>\n","protected":false},"author":1,"featured_media":0,"parent":0,"menu_order":0,"comment_status":"closed","ping_status":"closed","template":"","meta":{"inline_featured_image":false,"footnotes":""},"class_list":["post-20749","page","type-page","status-publish","hentry"],"aioseo_notices":[],"jetpack_sharing_enabled":true,"_links":{"self":[{"href":"https:\/\/artkuechen.com\/index.php\/wp-json\/wp\/v2\/pages\/20749","targetHints":{"allow":["GET"]}}],"collection":[{"href":"https:\/\/artkuechen.com\/index.php\/wp-json\/wp\/v2\/pages"}],"about":[{"href":"https:\/\/artkuechen.com\/index.php\/wp-json\/wp\/v2\/types\/page"}],"author":[{"embeddable":true,"href":"https:\/\/artkuechen.com\/index.php\/wp-json\/wp\/v2\/users\/1"}],"replies":[{"embeddable":true,"href":"https:\/\/artkuechen.com\/index.php\/wp-json\/wp\/v2\/comments?post=20749"}],"version-history":[{"count":16,"href":"https:\/\/artkuechen.com\/index.php\/wp-json\/wp\/v2\/pages\/20749\/revisions"}],"predecessor-version":[{"id":22221,"href":"https:\/\/artkuechen.com\/index.php\/wp-json\/wp\/v2\/pages\/20749\/revisions\/22221"}],"wp:attachment":[{"href":"https:\/\/artkuechen.com\/index.php\/wp-json\/wp\/v2\/media?parent=20749"}],"curies":[{"name":"wp","href":"https:\/\/api.w.org\/{rel}","templated":true}]}}