{"id":20631,"date":"2023-10-06T16:22:04","date_gmt":"2023-10-06T16:22:04","guid":{"rendered":"https:\/\/artkuechen.com\/?page_id=20631"},"modified":"2026-03-24T13:00:24","modified_gmt":"2026-03-24T13:00:24","slug":"finanzierung","status":"publish","type":"page","link":"https:\/\/artkuechen.com\/index.php\/finanzierung\/","title":{"rendered":"Finanzierung"},"content":{"rendered":"\t\t<div data-elementor-type=\"wp-page\" data-elementor-id=\"20631\" class=\"elementor elementor-20631\">\n\t\t\t\t\t\t<section class=\"elementor-section elementor-top-section elementor-element elementor-element-faba763 elementor-section-boxed elementor-section-height-default elementor-section-height-default\" data-id=\"faba763\" data-element_type=\"section\" data-e-type=\"section\">\n\t\t\t\t\t\t<div class=\"elementor-container elementor-column-gap-default\">\n\t\t\t\t\t<div class=\"elementor-column elementor-col-100 elementor-top-column elementor-element elementor-element-b54c9f2\" data-id=\"b54c9f2\" data-element_type=\"column\" data-e-type=\"column\">\n\t\t\t<div class=\"elementor-widget-wrap elementor-element-populated\">\n\t\t\t\t\t\t<div class=\"elementor-element elementor-element-cccf096 elementor-icon-left elementor-widget elementor-widget-kitchor-heading\" data-id=\"cccf096\" data-element_type=\"widget\" data-e-type=\"widget\" data-widget_type=\"kitchor-heading.default\">\n\t\t\t\t<div class=\"elementor-widget-container\">\n\t\t\t\t\t<h2 class=\"elementor-heading-title elementor-size-default\"><span>Finanzierung bei ArtK\u00fcchen<\/span><\/h2>\t\t\t\t<\/div>\n\t\t\t\t<\/div>\n\t\t\t\t\t<\/div>\n\t\t<\/div>\n\t\t\t\t\t<\/div>\n\t\t<\/section>\n\t\t\t\t<section class=\"elementor-section elementor-top-section elementor-element elementor-element-755d21c elementor-section-boxed elementor-section-height-default elementor-section-height-default\" data-id=\"755d21c\" data-element_type=\"section\" data-e-type=\"section\">\n\t\t\t\t\t\t<div class=\"elementor-container elementor-column-gap-default\">\n\t\t\t\t\t<div class=\"elementor-column elementor-col-50 elementor-top-column elementor-element elementor-element-de31134\" data-id=\"de31134\" data-element_type=\"column\" data-e-type=\"column\">\n\t\t\t<div class=\"elementor-widget-wrap elementor-element-populated\">\n\t\t\t\t\t\t<div class=\"elementor-element elementor-element-2c19665 elementor-widget elementor-widget-text-editor\" data-id=\"2c19665\" data-element_type=\"widget\" data-e-type=\"widget\" data-widget_type=\"text-editor.default\">\n\t\t\t\t<div class=\"elementor-widget-container\">\n\t\t\t\t\t\t\t\t\t<p><strong>Du w\u00fcnschst dir eine neue K\u00fcche<\/strong>, bist aber nicht sicher, wie du dir diese leisten kannst? Dann ist unsere <strong>Finanzierung<\/strong> vielleicht das Richtige f\u00fcr dich. Mit der <strong>praktischen Finanzierung von Artkuechen<\/strong> bezahlst du deine K\u00fcche ganz einfach <strong>St\u00fcck f\u00fcr St\u00fcck in Raten<\/strong> ab.<\/p><blockquote><p>Und das Ganze ab <strong>null Anzahlung, null Zinsen und null Geb\u00fchren.<\/strong> Wir bieten verschiedene <strong>individuelle Finanzierungsangebote<\/strong> mit einer <strong>Laufzeit von bis zu 72 Monaten<\/strong> an. Dein <strong>Fachberater<\/strong> informiert dich gerne \u00fcber Details und legt mit dir <strong>Raten und Laufzeit fest.<\/strong> Falls du weitere \u00c4nderungen oder Anpassungen m\u00f6chtest, lass es mich bitte wissen!<\/p><\/blockquote>\t\t\t\t\t\t\t\t<\/div>\n\t\t\t\t<\/div>\n\t\t\t\t\t<\/div>\n\t\t<\/div>\n\t\t\t\t<div class=\"elementor-column elementor-col-50 elementor-top-column elementor-element elementor-element-9c17dd9\" data-id=\"9c17dd9\" data-element_type=\"column\" data-e-type=\"column\">\n\t\t\t<div class=\"elementor-widget-wrap elementor-element-populated\">\n\t\t\t\t\t\t<div class=\"elementor-element elementor-element-81fccf0 elementor-widget-laptop__width-initial elementor-widget elementor-widget-image\" data-id=\"81fccf0\" data-element_type=\"widget\" data-e-type=\"widget\" data-widget_type=\"image.default\">\n\t\t\t\t<div class=\"elementor-widget-container\">\n\t\t\t\t\t\t\t\t\t\t\t\t\t\t\t<img fetchpriority=\"high\" decoding=\"async\" width=\"630\" height=\"390\" src=\"https:\/\/artkuechen.com\/wp-content\/uploads\/2023\/09\/22-1-630x390.png\" class=\"attachment-kitchor-360 size-kitchor-360 wp-image-18147\" alt=\"\" \/>\t\t\t\t\t\t\t\t\t\t\t\t\t\t\t<\/div>\n\t\t\t\t<\/div>\n\t\t\t\t\t<\/div>\n\t\t<\/div>\n\t\t\t\t\t<\/div>\n\t\t<\/section>\n\t\t\t\t<section class=\"elementor-section elementor-top-section elementor-element elementor-element-bcdec72 elementor-section-boxed elementor-section-height-default elementor-section-height-default\" data-id=\"bcdec72\" data-element_type=\"section\" data-e-type=\"section\">\n\t\t\t\t\t\t<div class=\"elementor-container elementor-column-gap-default\">\n\t\t\t\t\t<div class=\"elementor-column elementor-col-100 elementor-top-column elementor-element elementor-element-619c3a1\" data-id=\"619c3a1\" data-element_type=\"column\" data-e-type=\"column\">\n\t\t\t<div class=\"elementor-widget-wrap elementor-element-populated\">\n\t\t\t\t\t\t<div class=\"elementor-element elementor-element-55d009b elementor-widget elementor-widget-spacer\" data-id=\"55d009b\" data-element_type=\"widget\" data-e-type=\"widget\" data-widget_type=\"spacer.default\">\n\t\t\t\t<div class=\"elementor-widget-container\">\n\t\t\t\t\t\t\t<div class=\"elementor-spacer\">\n\t\t\t<div class=\"elementor-spacer-inner\"><\/div>\n\t\t<\/div>\n\t\t\t\t\t\t<\/div>\n\t\t\t\t<\/div>\n\t\t\t\t\t<\/div>\n\t\t<\/div>\n\t\t\t\t\t<\/div>\n\t\t<\/section>\n\t\t\t\t<\/div>\n\t\t","protected":false},"excerpt":{"rendered":"<p>Finanzierung bei ArtK\u00fcchen Du w\u00fcnschst dir eine neue K\u00fcche, bist aber nicht sicher, wie du dir diese leisten kannst? Dann ist unsere Finanzierung vielleicht das Richtige f\u00fcr dich. Mit der praktischen Finanzierung von Artkuechen bezahlst du deine K\u00fcche ganz einfach St\u00fcck f\u00fcr St\u00fcck in Raten ab. Und das Ganze ab null Anzahlung, null Zinsen und [&hellip;]<\/p>\n","protected":false},"author":1,"featured_media":0,"parent":0,"menu_order":0,"comment_status":"closed","ping_status":"closed","template":"","meta":{"inline_featured_image":false,"footnotes":""},"class_list":["post-20631","page","type-page","status-publish","hentry"],"aioseo_notices":[],"jetpack_sharing_enabled":true,"_links":{"self":[{"href":"https:\/\/artkuechen.com\/index.php\/wp-json\/wp\/v2\/pages\/20631","targetHints":{"allow":["GET"]}}],"collection":[{"href":"https:\/\/artkuechen.com\/index.php\/wp-json\/wp\/v2\/pages"}],"about":[{"href":"https:\/\/artkuechen.com\/index.php\/wp-json\/wp\/v2\/types\/page"}],"author":[{"embeddable":true,"href":"https:\/\/artkuechen.com\/index.php\/wp-json\/wp\/v2\/users\/1"}],"replies":[{"embeddable":true,"href":"https:\/\/artkuechen.com\/index.php\/wp-json\/wp\/v2\/comments?post=20631"}],"version-history":[{"count":45,"href":"https:\/\/artkuechen.com\/index.php\/wp-json\/wp\/v2\/pages\/20631\/revisions"}],"predecessor-version":[{"id":22212,"href":"https:\/\/artkuechen.com\/index.php\/wp-json\/wp\/v2\/pages\/20631\/revisions\/22212"}],"wp:attachment":[{"href":"https:\/\/artkuechen.com\/index.php\/wp-json\/wp\/v2\/media?parent=20631"}],"curies":[{"name":"wp","href":"https:\/\/api.w.org\/{rel}","templated":true}]}}