{"id":19359,"date":"2023-09-30T20:12:47","date_gmt":"2023-09-30T20:12:47","guid":{"rendered":"https:\/\/artkuechen.com\/?page_id=19359"},"modified":"2024-11-13T17:06:00","modified_gmt":"2024-11-13T17:06:00","slug":"kulinarische-messe-freiburg","status":"publish","type":"page","link":"https:\/\/artkuechen.com\/index.php\/kulinarische-messe-freiburg\/","title":{"rendered":"Kulinarische Messe Freiburg"},"content":{"rendered":"\t\t<div data-elementor-type=\"wp-page\" data-elementor-id=\"19359\" class=\"elementor elementor-19359\">\n\t\t\t\t\t\t<section class=\"elementor-section elementor-top-section elementor-element elementor-element-4141d48 elementor-section-boxed elementor-section-height-default elementor-section-height-default\" data-id=\"4141d48\" data-element_type=\"section\" data-e-type=\"section\">\n\t\t\t\t\t\t<div class=\"elementor-container elementor-column-gap-default\">\n\t\t\t\t\t<div class=\"elementor-column elementor-col-50 elementor-top-column elementor-element elementor-element-de211b1\" data-id=\"de211b1\" data-element_type=\"column\" data-e-type=\"column\">\n\t\t\t<div class=\"elementor-widget-wrap elementor-element-populated\">\n\t\t\t\t\t\t<div class=\"elementor-element elementor-element-129c09e elementor-widget__width-initial elementor-widget elementor-widget-text-editor\" data-id=\"129c09e\" data-element_type=\"widget\" data-e-type=\"widget\" data-widget_type=\"text-editor.default\">\n\t\t\t\t<div class=\"elementor-widget-container\">\n\t\t\t\t\t\t\t\t\t<div class=\"mwai-conversation smw5eGNuW8ar3Rq6KsU5\"><div class=\"mwai-reply F0C5IedgFBoZ1NVujRQZ mwai-ai xVfQe9VEYvuzMaqLoXuP mwai-rendered\"><p><span class=\"mwai-text CWHqlUDu9z_VhM1iNYox\"><strong>Kulinaria Plaza Freiburg<\/strong> ist ein beliebtes gastronomisches Event, das in der Stadt Freiburg, Deutschland, stattfindet. <\/span><span class=\"mwai-text CWHqlUDu9z_VhM1iNYox\">Dieses Food-Festival zieht viele Besucher aus der gesamten Region an und bietet eine Vielzahl von<strong> kulinarischen K\u00f6stlichkeiten<\/strong>. Auf Kulinaria Plaza Freiburg k\u00f6nnen Sie eine vielf\u00e4ltige Auswahl an Speisen genie\u00dfen, die verschiedene K\u00fcchen und Traditionen repr\u00e4sentieren. Egal, ob Sie klassische deutsche Gerichte, <strong>exotische internationale K\u00fcche<\/strong> oder lokale Spezialit\u00e4ten aus der Region Baden-W\u00fcrttemberg bevorzugen, dieses Festival wird Sie mit seiner Vielfalt begeistern. Neben dem reichhaltigen Angebot an Essen bietet Kulinaria Plaza Freiburg auch die M\u00f6glichkeit, lokale Lebensmittelproduzenten, Winzer und Brauereien kennenzulernen. <\/span><\/p><blockquote><p><em><span class=\"mwai-text CWHqlUDu9z_VhM1iNYox\" style=\"color: #28d0ba;\">Sie k\u00f6nnen sich \u00fcber den Herstellungsprozess von Lebensmitteln informieren, verschiedene <strong>Produkte probieren<\/strong> und einige der besten regionalen gastronomischen Produkte kaufen. Dieses Food-Festival ist auch eine Gelegenheit, sich zu treffen und die Atmosph\u00e4re von Freiburg zu genie\u00dfen. Sie k\u00f6nnen sich in einer wundersch\u00f6nen Umgebung entspannen, Live-Musik genie\u00dfen und andere Food-Liebhaber und Gourmets kennenlernen. <strong>Kulinaria Plaza Freiburg<\/strong> zieht jedes Jahr eine wachsende Anzahl von Besuchern an und ist zu einem festen Bestandteil der Kulturszene dieser Stadt geworden. Wenn Sie ein Food-Liebhaber sind und die Vielfalt der deutschen K\u00fcche erkunden m\u00f6chten, ist Kulinaria Plaza Freiburg der richtige Ort f\u00fcr Sie.<\/span><\/em><\/p><\/blockquote><\/div><\/div>\t\t\t\t\t\t\t\t<\/div>\n\t\t\t\t<\/div>\n\t\t\t\t\t<\/div>\n\t\t<\/div>\n\t\t\t\t<div class=\"elementor-column elementor-col-50 elementor-top-column elementor-element elementor-element-08a71b5\" data-id=\"08a71b5\" data-element_type=\"column\" data-e-type=\"column\">\n\t\t\t<div class=\"elementor-widget-wrap elementor-element-populated\">\n\t\t\t\t\t\t<div class=\"elementor-element elementor-element-91ecdfc elementor-widget__width-initial elementor-widget elementor-widget-image\" data-id=\"91ecdfc\" data-element_type=\"widget\" data-e-type=\"widget\" data-widget_type=\"image.default\">\n\t\t\t\t<div class=\"elementor-widget-container\">\n\t\t\t\t\t\t\t\t\t\t\t\t\t\t\t<img fetchpriority=\"high\" decoding=\"async\" width=\"759\" height=\"595\" src=\"https:\/\/artkuechen.com\/wp-content\/uploads\/2023\/09\/24-2.png\" class=\"attachment-medium_large size-medium_large wp-image-17616\" alt=\"\" srcset=\"https:\/\/artkuechen.com\/wp-content\/uploads\/2023\/09\/24-2.png 759w, https:\/\/artkuechen.com\/wp-content\/uploads\/2023\/09\/24-2-300x235.png 300w\" sizes=\"(max-width: 759px) 100vw, 759px\" \/>\t\t\t\t\t\t\t\t\t\t\t\t\t\t\t<\/div>\n\t\t\t\t<\/div>\n\t\t\t\t<div class=\"elementor-element elementor-element-2d43528 elementor-widget elementor-widget-button\" data-id=\"2d43528\" data-element_type=\"widget\" data-e-type=\"widget\" data-widget_type=\"button.default\">\n\t\t\t\t<div class=\"elementor-widget-container\">\n\t\t\t\t\t\t\t\t\t<div class=\"elementor-button-wrapper\">\n\t\t\t\t\t<a class=\"elementor-button elementor-button-link elementor-size-sm\" href=\"https:\/\/www.plaza-culinaria.de\">\n\t\t\t\t\t\t<span class=\"elementor-button-content-wrapper\">\n\t\t\t\t\t\t\t\t\t<span class=\"elementor-button-text\">Anmeldung f\u00fcr culinaria<\/span>\n\t\t\t\t\t<\/span>\n\t\t\t\t\t<\/a>\n\t\t\t\t<\/div>\n\t\t\t\t\t\t\t\t<\/div>\n\t\t\t\t<\/div>\n\t\t\t\t\t<\/div>\n\t\t<\/div>\n\t\t\t\t\t<\/div>\n\t\t<\/section>\n\t\t\t\t<section class=\"elementor-section elementor-top-section elementor-element elementor-element-9ea4e73 elementor-section-boxed elementor-section-height-default elementor-section-height-default\" data-id=\"9ea4e73\" data-element_type=\"section\" data-e-type=\"section\">\n\t\t\t\t\t\t<div class=\"elementor-container elementor-column-gap-default\">\n\t\t\t\t\t<div class=\"elementor-column elementor-col-100 elementor-top-column elementor-element elementor-element-32799cb\" data-id=\"32799cb\" data-element_type=\"column\" data-e-type=\"column\">\n\t\t\t<div class=\"elementor-widget-wrap elementor-element-populated\">\n\t\t\t\t\t\t<div class=\"elementor-element elementor-element-d97be7a elementor-widget elementor-widget-spacer\" data-id=\"d97be7a\" data-element_type=\"widget\" data-e-type=\"widget\" data-widget_type=\"spacer.default\">\n\t\t\t\t<div class=\"elementor-widget-container\">\n\t\t\t\t\t\t\t<div class=\"elementor-spacer\">\n\t\t\t<div class=\"elementor-spacer-inner\"><\/div>\n\t\t<\/div>\n\t\t\t\t\t\t<\/div>\n\t\t\t\t<\/div>\n\t\t\t\t\t<\/div>\n\t\t<\/div>\n\t\t\t\t\t<\/div>\n\t\t<\/section>\n\t\t\t\t<\/div>\n\t\t","protected":false},"excerpt":{"rendered":"<p>Kulinaria Plaza Freiburg ist ein beliebtes gastronomisches Event, das in der Stadt Freiburg, Deutschland, stattfindet. Dieses Food-Festival zieht viele Besucher aus der gesamten Region an und bietet eine Vielzahl von kulinarischen K\u00f6stlichkeiten. Auf Kulinaria Plaza Freiburg k\u00f6nnen Sie eine vielf\u00e4ltige Auswahl an Speisen genie\u00dfen, die verschiedene K\u00fcchen und Traditionen repr\u00e4sentieren. Egal, ob Sie klassische deutsche [&hellip;]<\/p>\n","protected":false},"author":1,"featured_media":0,"parent":0,"menu_order":0,"comment_status":"closed","ping_status":"closed","template":"","meta":{"inline_featured_image":false,"footnotes":""},"class_list":["post-19359","page","type-page","status-publish","hentry"],"aioseo_notices":[],"jetpack_sharing_enabled":true,"_links":{"self":[{"href":"https:\/\/artkuechen.com\/index.php\/wp-json\/wp\/v2\/pages\/19359","targetHints":{"allow":["GET"]}}],"collection":[{"href":"https:\/\/artkuechen.com\/index.php\/wp-json\/wp\/v2\/pages"}],"about":[{"href":"https:\/\/artkuechen.com\/index.php\/wp-json\/wp\/v2\/types\/page"}],"author":[{"embeddable":true,"href":"https:\/\/artkuechen.com\/index.php\/wp-json\/wp\/v2\/users\/1"}],"replies":[{"embeddable":true,"href":"https:\/\/artkuechen.com\/index.php\/wp-json\/wp\/v2\/comments?post=19359"}],"version-history":[{"count":71,"href":"https:\/\/artkuechen.com\/index.php\/wp-json\/wp\/v2\/pages\/19359\/revisions"}],"predecessor-version":[{"id":22095,"href":"https:\/\/artkuechen.com\/index.php\/wp-json\/wp\/v2\/pages\/19359\/revisions\/22095"}],"wp:attachment":[{"href":"https:\/\/artkuechen.com\/index.php\/wp-json\/wp\/v2\/media?parent=19359"}],"curies":[{"name":"wp","href":"https:\/\/api.w.org\/{rel}","templated":true}]}}