{"id":18810,"date":"2023-09-29T14:48:47","date_gmt":"2023-09-29T14:48:47","guid":{"rendered":"https:\/\/artkuechen.com\/?page_id=18810"},"modified":"2024-11-13T17:02:45","modified_gmt":"2024-11-13T17:02:45","slug":"impressum","status":"publish","type":"page","link":"https:\/\/artkuechen.com\/index.php\/impressum\/","title":{"rendered":"Impressum"},"content":{"rendered":"\t\t<div data-elementor-type=\"wp-page\" data-elementor-id=\"18810\" class=\"elementor elementor-18810\">\n\t\t\t\t\t\t<section class=\"elementor-section elementor-top-section elementor-element elementor-element-db881bb elementor-section-boxed elementor-section-height-default elementor-section-height-default\" data-id=\"db881bb\" data-element_type=\"section\" data-e-type=\"section\">\n\t\t\t\t\t\t<div class=\"elementor-container elementor-column-gap-default\">\n\t\t\t\t\t<div class=\"elementor-column elementor-col-100 elementor-top-column elementor-element elementor-element-9afcab6\" data-id=\"9afcab6\" data-element_type=\"column\" data-e-type=\"column\">\n\t\t\t<div class=\"elementor-widget-wrap elementor-element-populated\">\n\t\t\t\t\t\t<div class=\"elementor-element elementor-element-ed7b074 elementor-widget elementor-widget-text-editor\" data-id=\"ed7b074\" data-element_type=\"widget\" data-e-type=\"widget\" data-widget_type=\"text-editor.default\">\n\t\t\t\t<div class=\"elementor-widget-container\">\n\t\t\t\t\t\t\t\t\t<h4 class=\"sc-18k8a65-8 ekGgVd\">Impressum<\/h4><div class=\"sc-18k8a65-9 efbLTX\"><strong>ArtK\u00fcchen<\/strong><\/div><div class=\"sc-18k8a65-9 efbLTX\"><strong>Im Kleinfeld 2<\/strong><br \/><strong>DE\u00a079189\u00a0Bad Krozingen<\/strong><\/div><div class=\"sc-18k8a65-9 efbLTX\"><p>Vertretungsberechtigt:<br \/>Die\u00a0GmbH\u00a0wird durch\u00a0den\/die\u00a0Gesch\u00e4ftsf\u00fchrer<br \/>Karlo Viola\u00a0vertreten.<\/p><p>Telefon: 07633 4069 858<\/p><p>E-Mail:\u00a0<a href=\"mailto:info@artkuechen.com\">info@artkuechen.com<\/a><\/p><p><a href=\"https:\/\/artkuechen.com\">https:\/\/artkuechen.com<\/a>\u00a0<\/p><p>USt ID:\u00a0DE3342275238<br \/>Handelsregister: HRB 722646,<\/p><p>Amtsgericht Freiburg i. Br.<\/p><p>Verantwortlich f\u00fcr den Inhalt nach\u00a0\u00a7 18 Abs. 2 MStV:<br \/>Karlo Viola<\/p><h4>Streitbeilegung<\/h4><p>Die Zufriedenheit unserer Kunden steht f\u00fcr uns an erster Stelle. Sollten Sie Beschwerden im Zusammenhang mit unseren Leistungen haben, k\u00f6nnen Sie sich deshalb jederzeit an uns wenden. Wir werden dann gemeinsam eine einvernehmliche L\u00f6sung suchen. An einem Streitbeilegungsverfahren vor einer Verbraucherschlichtungsstelle nehmen wir nicht teil.<\/p><p>Wir weisen f\u00fcr alle Vertr\u00e4ge, die im elektronischen Rechtsverkehr geschlossen wurden, auf die europ\u00e4ische Online-Streitbeilegungs-Plattform\u00a0<a>https:\/\/ec.europa.eu\/consumers\/odr\/<\/a>\u00a0hin.<\/p><h4>Haftungshinweis<\/h4><p>Es wird keine Haftung f\u00fcr die Richtigkeit, Vollst\u00e4ndigkeit und Aktualit\u00e4t der Inhalte der eigenen Webseite \u00fcbernommen. Auf die Gestaltung und die Inhalte verlinkter Webseiten haben wir keinerlei Einfluss. Deshalb distanzieren wir uns hiermit ausdr\u00fccklich von allen Inhalten aller verlinkten Seiten Dritter und machen uns diese Inhalte nicht zu eigen. Die verlinkten Seiten wurden zum Zeitpunkt der Verlinkung auf m\u00f6gliche Rechtsverst\u00f6\u00dfe \u00fcberpr\u00fcft. Rechtswidrige Inhalte waren zum Zeitpunkt der Verlinkung nicht erkennbar. Eine permanente inhaltliche Kontrolle der verlinkten Seiten ist jedoch ohne konkrete Anhaltspunkte einer Rechtsverletzung nicht zumutbar. Bei bekannt werden von Rechtsverletzungen werden wir derartige Links umgehend entfernen.<\/p><\/div>\t\t\t\t\t\t\t\t<\/div>\n\t\t\t\t<\/div>\n\t\t\t\t\t<\/div>\n\t\t<\/div>\n\t\t\t\t\t<\/div>\n\t\t<\/section>\n\t\t\t\t<\/div>\n\t\t","protected":false},"excerpt":{"rendered":"<p>Impressum ArtK\u00fcchenIm Kleinfeld 2DE\u00a079189\u00a0Bad Krozingen Vertretungsberechtigt:Die\u00a0GmbH\u00a0wird durch\u00a0den\/die\u00a0Gesch\u00e4ftsf\u00fchrerKarlo Viola\u00a0vertreten. Telefon: 07633 4069 858 E-Mail:\u00a0info@artkuechen.com https:\/\/artkuechen.com\u00a0 USt ID:\u00a0DE3342275238Handelsregister: HRB 722646, Amtsgericht Freiburg i. Br. Verantwortlich f\u00fcr den Inhalt nach\u00a0\u00a7 18 Abs. 2 MStV:Karlo Viola Streitbeilegung Die Zufriedenheit unserer Kunden steht f\u00fcr uns an erster Stelle. Sollten Sie Beschwerden im Zusammenhang mit unseren Leistungen haben, k\u00f6nnen Sie sich [&hellip;]<\/p>\n","protected":false},"author":1,"featured_media":0,"parent":0,"menu_order":0,"comment_status":"closed","ping_status":"closed","template":"","meta":{"inline_featured_image":false,"footnotes":""},"class_list":["post-18810","page","type-page","status-publish","hentry"],"aioseo_notices":[],"jetpack_sharing_enabled":true,"_links":{"self":[{"href":"https:\/\/artkuechen.com\/index.php\/wp-json\/wp\/v2\/pages\/18810","targetHints":{"allow":["GET"]}}],"collection":[{"href":"https:\/\/artkuechen.com\/index.php\/wp-json\/wp\/v2\/pages"}],"about":[{"href":"https:\/\/artkuechen.com\/index.php\/wp-json\/wp\/v2\/types\/page"}],"author":[{"embeddable":true,"href":"https:\/\/artkuechen.com\/index.php\/wp-json\/wp\/v2\/users\/1"}],"replies":[{"embeddable":true,"href":"https:\/\/artkuechen.com\/index.php\/wp-json\/wp\/v2\/comments?post=18810"}],"version-history":[{"count":65,"href":"https:\/\/artkuechen.com\/index.php\/wp-json\/wp\/v2\/pages\/18810\/revisions"}],"predecessor-version":[{"id":22086,"href":"https:\/\/artkuechen.com\/index.php\/wp-json\/wp\/v2\/pages\/18810\/revisions\/22086"}],"wp:attachment":[{"href":"https:\/\/artkuechen.com\/index.php\/wp-json\/wp\/v2\/media?parent=18810"}],"curies":[{"name":"wp","href":"https:\/\/api.w.org\/{rel}","templated":true}]}}