{"id":18768,"date":"2023-09-29T12:49:12","date_gmt":"2023-09-29T12:49:12","guid":{"rendered":"https:\/\/artkuechen.com\/?page_id=18768"},"modified":"2024-11-13T17:02:08","modified_gmt":"2024-11-13T17:02:08","slug":"garderobe","status":"publish","type":"page","link":"https:\/\/artkuechen.com\/index.php\/garderobe\/","title":{"rendered":"Garderobe"},"content":{"rendered":"\t\t<div data-elementor-type=\"wp-page\" data-elementor-id=\"18768\" class=\"elementor elementor-18768\">\n\t\t\t\t\t\t<section class=\"elementor-section elementor-top-section elementor-element elementor-element-7187fc8 elementor-section-boxed elementor-section-height-default elementor-section-height-default\" data-id=\"7187fc8\" data-element_type=\"section\" data-e-type=\"section\">\n\t\t\t\t\t\t<div class=\"elementor-container elementor-column-gap-default\">\n\t\t\t\t\t<div class=\"elementor-column elementor-col-100 elementor-top-column elementor-element elementor-element-705db5a\" data-id=\"705db5a\" data-element_type=\"column\" data-e-type=\"column\">\n\t\t\t<div class=\"elementor-widget-wrap elementor-element-populated\">\n\t\t\t\t\t\t<div class=\"elementor-element elementor-element-afeb0ab elementor-icon-left elementor-widget elementor-widget-kitchor-heading\" data-id=\"afeb0ab\" data-element_type=\"widget\" data-e-type=\"widget\" data-widget_type=\"kitchor-heading.default\">\n\t\t\t\t<div class=\"elementor-widget-container\">\n\t\t\t\t\t<h3 class=\"elementor-heading-title elementor-size-default\"><span>Willkommen bei ArtK\u00fcchen!<\/span><\/h3>\t\t\t\t<\/div>\n\t\t\t\t<\/div>\n\t\t\t\t\t<\/div>\n\t\t<\/div>\n\t\t\t\t\t<\/div>\n\t\t<\/section>\n\t\t\t\t<section class=\"elementor-section elementor-top-section elementor-element elementor-element-4ca9378 elementor-section-boxed elementor-section-height-default elementor-section-height-default\" data-id=\"4ca9378\" data-element_type=\"section\" data-e-type=\"section\">\n\t\t\t\t\t\t<div class=\"elementor-container elementor-column-gap-default\">\n\t\t\t\t\t<div class=\"elementor-column elementor-col-100 elementor-top-column elementor-element elementor-element-446b998\" data-id=\"446b998\" data-element_type=\"column\" data-e-type=\"column\">\n\t\t\t<div class=\"elementor-widget-wrap elementor-element-populated\">\n\t\t\t\t\t\t<div class=\"elementor-element elementor-element-d31f078 elementor-widget elementor-widget-text-editor\" data-id=\"d31f078\" data-element_type=\"widget\" data-e-type=\"widget\" data-widget_type=\"text-editor.default\">\n\t\t\t\t<div class=\"elementor-widget-container\">\n\t\t\t\t\t\t\t\t\t<p>Entdecken Sie unsere vielf\u00e4ltige Auswahl an Garderobenm\u00f6beln, die perfekt zum Design Ihrer ArtK\u00fcchen-K\u00fcche und Wohnzimmerm\u00f6bel passen. Wir bieten hochwertige und \u00e4sthetisch ansprechende L\u00f6sungen, um einen nahtlosen <strong>\u00dcbergang zwischen K\u00fcche, Wohnzimmer und Garderobe zu schaffen.<\/strong> Besuchen Sie uns, um Ihre Garderobe stilvoll und funktional zu gestalten.<\/p>\t\t\t\t\t\t\t\t<\/div>\n\t\t\t\t<\/div>\n\t\t\t\t\t<\/div>\n\t\t<\/div>\n\t\t\t\t\t<\/div>\n\t\t<\/section>\n\t\t\t\t<section class=\"elementor-section elementor-top-section elementor-element elementor-element-ef43641 elementor-section-boxed elementor-section-height-default elementor-section-height-default\" data-id=\"ef43641\" data-element_type=\"section\" data-e-type=\"section\">\n\t\t\t\t\t\t<div class=\"elementor-container elementor-column-gap-default\">\n\t\t\t\t\t<div class=\"elementor-column elementor-col-100 elementor-top-column elementor-element elementor-element-a1d6790\" data-id=\"a1d6790\" data-element_type=\"column\" data-e-type=\"column\">\n\t\t\t<div class=\"elementor-widget-wrap elementor-element-populated\">\n\t\t\t\t\t\t<div class=\"elementor-element elementor-element-48cddbf animated-slow elementor-invisible elementor-widget elementor-widget-kitchor-image-masonry\" data-id=\"48cddbf\" data-element_type=\"widget\" data-e-type=\"widget\" data-settings=\"{&quot;_animation&quot;:&quot;fadeIn&quot;}\" data-widget_type=\"kitchor-image-masonry.default\">\n\t\t\t\t<div class=\"elementor-widget-container\">\n\t\t\t\t\t        <div class=\"image-grid-wrapper\">\n            <div class=\"grid-wrapper\">\n                                    <div class=\"big\">\n                        <a data-elementor-open-lightbox=\"yes\" data-elementor-lightbox-slideshow=\"48cddbf\"                           href=\"https:\/\/artkuechen.com\/wp-content\/uploads\/2023\/09\/GARDEROBE-1.png\">\n                            <img decoding=\"async\" src=\"https:\/\/artkuechen.com\/wp-content\/uploads\/2023\/09\/GARDEROBE-1-1024x771.png\">\n                        <\/a>\n                    <\/div>\n                                    <div class=\"tall\">\n                        <a data-elementor-open-lightbox=\"yes\" data-elementor-lightbox-slideshow=\"48cddbf\"                           href=\"https:\/\/artkuechen.com\/wp-content\/uploads\/2023\/09\/WOHNEN-3.png\">\n                            <img decoding=\"async\" src=\"https:\/\/artkuechen.com\/wp-content\/uploads\/2023\/09\/WOHNEN-3-693x1024.png\">\n                        <\/a>\n                    <\/div>\n                                    <div class=\"tall\">\n                        <a data-elementor-open-lightbox=\"yes\" data-elementor-lightbox-slideshow=\"48cddbf\"                           href=\"https:\/\/artkuechen.com\/wp-content\/uploads\/2023\/09\/GARDEROBE-2.png\">\n                            <img decoding=\"async\" src=\"https:\/\/artkuechen.com\/wp-content\/uploads\/2023\/09\/GARDEROBE-2-724x1024.png\">\n                        <\/a>\n                    <\/div>\n                                    <div class=\"tall\">\n                        <a data-elementor-open-lightbox=\"yes\" data-elementor-lightbox-slideshow=\"48cddbf\"                           href=\"https:\/\/artkuechen.com\/wp-content\/uploads\/2023\/09\/GARDEROBE-3.png\">\n                            <img decoding=\"async\" src=\"https:\/\/artkuechen.com\/wp-content\/uploads\/2023\/09\/GARDEROBE-3-724x1024.png\">\n                        <\/a>\n                    <\/div>\n                                    <div class=\"tall\">\n                        <a data-elementor-open-lightbox=\"yes\" data-elementor-lightbox-slideshow=\"48cddbf\"                           href=\"https:\/\/artkuechen.com\/wp-content\/uploads\/2023\/09\/GARDEROBE-5.png\">\n                            <img decoding=\"async\" src=\"https:\/\/artkuechen.com\/wp-content\/uploads\/2023\/09\/GARDEROBE-5-790x1024.png\">\n                        <\/a>\n                    <\/div>\n                            <\/div>\n\n        <\/div>\n        \t\t\t\t<\/div>\n\t\t\t\t<\/div>\n\t\t\t\t\t<\/div>\n\t\t<\/div>\n\t\t\t\t\t<\/div>\n\t\t<\/section>\n\t\t\t\t<section class=\"elementor-section elementor-top-section elementor-element elementor-element-0e8875c elementor-section-boxed elementor-section-height-default elementor-section-height-default\" data-id=\"0e8875c\" data-element_type=\"section\" data-e-type=\"section\">\n\t\t\t\t\t\t<div class=\"elementor-container elementor-column-gap-default\">\n\t\t\t\t\t<div class=\"elementor-column elementor-col-100 elementor-top-column elementor-element elementor-element-b01613e\" data-id=\"b01613e\" data-element_type=\"column\" data-e-type=\"column\">\n\t\t\t<div class=\"elementor-widget-wrap elementor-element-populated\">\n\t\t\t\t\t\t<div class=\"elementor-element elementor-element-4b4735d elementor-widget elementor-widget-button\" data-id=\"4b4735d\" data-element_type=\"widget\" data-e-type=\"widget\" data-widget_type=\"button.default\">\n\t\t\t\t<div class=\"elementor-widget-container\">\n\t\t\t\t\t\t\t\t\t<div class=\"elementor-button-wrapper\">\n\t\t\t\t\t<a class=\"elementor-button elementor-button-link elementor-size-sm\" href=\"https:\/\/artkuechen.com\/index.php\/wohnebereich\/\">\n\t\t\t\t\t\t<span class=\"elementor-button-content-wrapper\">\n\t\t\t\t\t\t<span class=\"elementor-button-icon\">\n\t\t\t\t<i aria-hidden=\"true\" class=\"fas fa-angle-left\"><\/i>\t\t\t<\/span>\n\t\t\t\t\t\t\t\t\t<span class=\"elementor-button-text\">WOHNEBEREICH<\/span>\n\t\t\t\t\t<\/span>\n\t\t\t\t\t<\/a>\n\t\t\t\t<\/div>\n\t\t\t\t\t\t\t\t<\/div>\n\t\t\t\t<\/div>\n\t\t\t\t\t<\/div>\n\t\t<\/div>\n\t\t\t\t\t<\/div>\n\t\t<\/section>\n\t\t\t\t<section class=\"elementor-section elementor-top-section elementor-element elementor-element-a86373a elementor-section-boxed elementor-section-height-default elementor-section-height-default\" data-id=\"a86373a\" data-element_type=\"section\" data-e-type=\"section\">\n\t\t\t\t\t\t<div class=\"elementor-container elementor-column-gap-default\">\n\t\t\t\t\t<div class=\"elementor-column elementor-col-100 elementor-top-column elementor-element elementor-element-d6d9fd1\" data-id=\"d6d9fd1\" data-element_type=\"column\" data-e-type=\"column\">\n\t\t\t<div class=\"elementor-widget-wrap elementor-element-populated\">\n\t\t\t\t\t\t<div class=\"elementor-element elementor-element-5f6dd93 elementor-widget elementor-widget-spacer\" data-id=\"5f6dd93\" data-element_type=\"widget\" data-e-type=\"widget\" data-widget_type=\"spacer.default\">\n\t\t\t\t<div class=\"elementor-widget-container\">\n\t\t\t\t\t\t\t<div class=\"elementor-spacer\">\n\t\t\t<div class=\"elementor-spacer-inner\"><\/div>\n\t\t<\/div>\n\t\t\t\t\t\t<\/div>\n\t\t\t\t<\/div>\n\t\t\t\t\t<\/div>\n\t\t<\/div>\n\t\t\t\t\t<\/div>\n\t\t<\/section>\n\t\t\t\t<\/div>\n\t\t","protected":false},"excerpt":{"rendered":"<p>Willkommen bei ArtK\u00fcchen! Entdecken Sie unsere vielf\u00e4ltige Auswahl an Garderobenm\u00f6beln, die perfekt zum Design Ihrer ArtK\u00fcchen-K\u00fcche und Wohnzimmerm\u00f6bel passen. Wir bieten hochwertige und \u00e4sthetisch ansprechende L\u00f6sungen, um einen nahtlosen \u00dcbergang zwischen K\u00fcche, Wohnzimmer und Garderobe zu schaffen. Besuchen Sie uns, um Ihre Garderobe stilvoll und funktional zu gestalten. WOHNEBEREICH<\/p>\n","protected":false},"author":1,"featured_media":0,"parent":0,"menu_order":0,"comment_status":"closed","ping_status":"closed","template":"","meta":{"inline_featured_image":false,"footnotes":""},"class_list":["post-18768","page","type-page","status-publish","hentry"],"aioseo_notices":[],"jetpack_sharing_enabled":true,"_links":{"self":[{"href":"https:\/\/artkuechen.com\/index.php\/wp-json\/wp\/v2\/pages\/18768","targetHints":{"allow":["GET"]}}],"collection":[{"href":"https:\/\/artkuechen.com\/index.php\/wp-json\/wp\/v2\/pages"}],"about":[{"href":"https:\/\/artkuechen.com\/index.php\/wp-json\/wp\/v2\/types\/page"}],"author":[{"embeddable":true,"href":"https:\/\/artkuechen.com\/index.php\/wp-json\/wp\/v2\/users\/1"}],"replies":[{"embeddable":true,"href":"https:\/\/artkuechen.com\/index.php\/wp-json\/wp\/v2\/comments?post=18768"}],"version-history":[{"count":23,"href":"https:\/\/artkuechen.com\/index.php\/wp-json\/wp\/v2\/pages\/18768\/revisions"}],"predecessor-version":[{"id":22084,"href":"https:\/\/artkuechen.com\/index.php\/wp-json\/wp\/v2\/pages\/18768\/revisions\/22084"}],"wp:attachment":[{"href":"https:\/\/artkuechen.com\/index.php\/wp-json\/wp\/v2\/media?parent=18768"}],"curies":[{"name":"wp","href":"https:\/\/api.w.org\/{rel}","templated":true}]}}