{"id":18174,"date":"2023-09-27T11:10:29","date_gmt":"2023-09-27T11:10:29","guid":{"rendered":"https:\/\/artkuechen.com\/?page_id=18174"},"modified":"2024-11-13T17:05:10","modified_gmt":"2024-11-13T17:05:10","slug":"kuechenstudio","status":"publish","type":"page","link":"https:\/\/artkuechen.com\/index.php\/kuechenstudio\/","title":{"rendered":"K\u00fcchenstudio"},"content":{"rendered":"\t\t<div data-elementor-type=\"wp-page\" data-elementor-id=\"18174\" class=\"elementor elementor-18174\">\n\t\t\t\t\t\t<section class=\"elementor-section elementor-top-section elementor-element elementor-element-7400743 elementor-section-boxed elementor-section-height-default elementor-section-height-default\" data-id=\"7400743\" data-element_type=\"section\" data-e-type=\"section\">\n\t\t\t\t\t\t<div class=\"elementor-container elementor-column-gap-default\">\n\t\t\t\t\t<div class=\"elementor-column elementor-col-100 elementor-top-column elementor-element elementor-element-61112d7\" data-id=\"61112d7\" data-element_type=\"column\" data-e-type=\"column\">\n\t\t\t<div class=\"elementor-widget-wrap elementor-element-populated\">\n\t\t\t\t\t\t<div class=\"elementor-element elementor-element-bf6d9f4 elementor-icon-left elementor-widget elementor-widget-kitchor-heading\" data-id=\"bf6d9f4\" data-element_type=\"widget\" data-e-type=\"widget\" data-widget_type=\"kitchor-heading.default\">\n\t\t\t\t<div class=\"elementor-widget-container\">\n\t\t\t\t\t<h2 class=\"elementor-heading-title elementor-size-default\"><span>K\u00dcCHENSTUDIO<\/span><\/h2>\t\t\t\t<\/div>\n\t\t\t\t<\/div>\n\t\t\t\t\t<\/div>\n\t\t<\/div>\n\t\t\t\t\t<\/div>\n\t\t<\/section>\n\t\t\t\t<section class=\"elementor-section elementor-top-section elementor-element elementor-element-90c0712 elementor-section-boxed elementor-section-height-default elementor-section-height-default\" data-id=\"90c0712\" data-element_type=\"section\" data-e-type=\"section\">\n\t\t\t\t\t\t<div class=\"elementor-container elementor-column-gap-default\">\n\t\t\t\t\t<div class=\"elementor-column elementor-col-100 elementor-top-column elementor-element elementor-element-65c7689\" data-id=\"65c7689\" data-element_type=\"column\" data-e-type=\"column\">\n\t\t\t<div class=\"elementor-widget-wrap elementor-element-populated\">\n\t\t\t\t\t\t<div class=\"elementor-element elementor-element-e212765 elementor-widget elementor-widget-text-editor\" data-id=\"e212765\" data-element_type=\"widget\" data-e-type=\"widget\" data-widget_type=\"text-editor.default\">\n\t\t\t\t<div class=\"elementor-widget-container\">\n\t\t\t\t\t\t\t\t\t<p>Willkommen bei Ark\u00fcchen, Ihrem Salon f\u00fcr <strong>moderne, rustikale und elegante K\u00fcchen<\/strong>, Blockk\u00fcchen, Waschr\u00e4ume, Wohnzimmer, Garderobe und Esszimmerm\u00f6bel. Artk\u00fcchen ist der ideale Ort, um Ihre Traumk\u00fcche zu finden. Wir bieten eine vielf\u00e4ltige Auswahl an K\u00fcchenstilen, von modern und <strong>minimalistisch bis hin zu rustikal und charmant.<\/strong> Egal welchen Stil Sie bevorzugen, wir haben die perfekte K\u00fcche f\u00fcr Sie. Unser Salon ist ein Ort, der Eleganz und Komfort ausstrahlt. Hier k\u00f6nnen Sie sich inspirieren lassen und die neuesten K\u00fcchentrends entdecken. Unsere K\u00fcchen sind nicht nur <strong>sch\u00f6n anzusehen, sondern auch funktional und hochwertig.\u00a0<\/strong><\/p><p><strong>\u00a0<\/strong><\/p>\t\t\t\t\t\t\t\t<\/div>\n\t\t\t\t<\/div>\n\t\t\t\t\t<\/div>\n\t\t<\/div>\n\t\t\t\t\t<\/div>\n\t\t<\/section>\n\t\t\t\t<section class=\"elementor-section elementor-top-section elementor-element elementor-element-2ea3a6f elementor-section-boxed elementor-section-height-default elementor-section-height-default\" data-id=\"2ea3a6f\" data-element_type=\"section\" data-e-type=\"section\">\n\t\t\t\t\t\t<div class=\"elementor-container elementor-column-gap-default\">\n\t\t\t\t\t<div class=\"elementor-column elementor-col-50 elementor-top-column elementor-element elementor-element-b2e3050\" data-id=\"b2e3050\" data-element_type=\"column\" data-e-type=\"column\">\n\t\t\t<div class=\"elementor-widget-wrap elementor-element-populated\">\n\t\t\t\t\t\t<div class=\"elementor-element elementor-element-460545b elementor-position-below button-banner-style-kitchor-default elementor-bg-transform elementor-bg-transform-zoom-in elementor-widget elementor-widget-kitchor-banner\" data-id=\"460545b\" data-element_type=\"widget\" data-e-type=\"widget\" data-settings=\"{&quot;overlay_color_hover_background&quot;:&quot;classic&quot;}\" data-widget_type=\"kitchor-banner.default\">\n\t\t\t\t<div class=\"elementor-widget-container\">\n\t\t\t\t\t        <div  class=\"elementor-cta--skin-cover elementor-cta elementor-kitchor-banner\">\n                    <div class=\"elementor-cta__bg-wrapper\">\n                <div class=\"elementor-cta__bg elementor-bg\" style=\"background-image: url(https:\/\/artkuechen.com\/wp-content\/uploads\/2023\/09\/4-850x540.png);\"><\/div>\n                <div class=\"elementor-cta__bg-overlay\"><\/div>\n            <\/div>\n                <div class=\"elementor-cta__content\">\n        <div class=\"elementor-cta__content_inner\">\n                \n                <h3 class=\"elementor-cta__title elementor-cta__content-item elementor-content-item\">\n        K\u00fcchenprojekt        <\/h3>\n    \n        \n                <div class=\"elementor-cta__button-wrapper elementor-cta__content-item elementor-content-item \">\n            <a class=\"elementor-cta__button elementor-button\" href=\"https:\/\/artkuechen.com\/index.php\/kuchenprojekt\"            >\n            <span class=\"elementor-button-content-wrapper\">\n                                <span class=\"elementor-button-text\">HIER KLICKEN<\/span>\n            <\/span>\n\n            <\/a>\n\n            <\/div>\n                <\/div>\n        <\/div>\n        <\/div>\n        \t\t\t\t<\/div>\n\t\t\t\t<\/div>\n\t\t\t\t\t<\/div>\n\t\t<\/div>\n\t\t\t\t<div class=\"elementor-column elementor-col-50 elementor-top-column elementor-element elementor-element-b7c69d6\" data-id=\"b7c69d6\" data-element_type=\"column\" data-e-type=\"column\">\n\t\t\t<div class=\"elementor-widget-wrap elementor-element-populated\">\n\t\t\t\t\t\t<div class=\"elementor-element elementor-element-46598a2 elementor-position-below button-banner-style-kitchor-default elementor-bg-transform elementor-bg-transform-zoom-in elementor-widget elementor-widget-kitchor-banner\" data-id=\"46598a2\" data-element_type=\"widget\" data-e-type=\"widget\" data-settings=\"{&quot;overlay_color_hover_background&quot;:&quot;classic&quot;}\" data-widget_type=\"kitchor-banner.default\">\n\t\t\t\t<div class=\"elementor-widget-container\">\n\t\t\t\t\t        <div  class=\"elementor-cta--skin-cover elementor-cta elementor-kitchor-banner\">\n                    <div class=\"elementor-cta__bg-wrapper\">\n                <div class=\"elementor-cta__bg elementor-bg\" style=\"background-image: url(https:\/\/artkuechen.com\/wp-content\/uploads\/2023\/09\/20230719151837_IMG_4701-1024x683.jpg);\"><\/div>\n                <div class=\"elementor-cta__bg-overlay\"><\/div>\n            <\/div>\n                <div class=\"elementor-cta__content\">\n        <div class=\"elementor-cta__content_inner\">\n                \n                <h3 class=\"elementor-cta__title elementor-cta__content-item elementor-content-item\">\n        Bildergalerie         <\/h3>\n    \n        \n                <div class=\"elementor-cta__button-wrapper elementor-cta__content-item elementor-content-item \">\n            <a class=\"elementor-cta__button elementor-button\" href=\"https:\/\/artkuechen.com\/index.php\/bildergalerie\/\"            >\n            <span class=\"elementor-button-content-wrapper\">\n                                <span class=\"elementor-button-text\">HIER KLICKEN<\/span>\n            <\/span>\n\n            <\/a>\n\n            <\/div>\n                <\/div>\n        <\/div>\n        <\/div>\n        \t\t\t\t<\/div>\n\t\t\t\t<\/div>\n\t\t\t\t\t<\/div>\n\t\t<\/div>\n\t\t\t\t\t<\/div>\n\t\t<\/section>\n\t\t\t\t<section class=\"elementor-section elementor-top-section elementor-element elementor-element-aa512d5 elementor-section-boxed elementor-section-height-default elementor-section-height-default\" data-id=\"aa512d5\" data-element_type=\"section\" data-e-type=\"section\">\n\t\t\t\t\t\t<div class=\"elementor-container elementor-column-gap-default\">\n\t\t\t\t\t<div class=\"elementor-column elementor-col-100 elementor-top-column elementor-element elementor-element-b2cc4a3\" data-id=\"b2cc4a3\" data-element_type=\"column\" data-e-type=\"column\">\n\t\t\t<div class=\"elementor-widget-wrap elementor-element-populated\">\n\t\t\t\t\t\t<div class=\"elementor-element elementor-element-f7929e7 elementor-widget elementor-widget-spacer\" data-id=\"f7929e7\" data-element_type=\"widget\" data-e-type=\"widget\" data-widget_type=\"spacer.default\">\n\t\t\t\t<div class=\"elementor-widget-container\">\n\t\t\t\t\t\t\t<div class=\"elementor-spacer\">\n\t\t\t<div class=\"elementor-spacer-inner\"><\/div>\n\t\t<\/div>\n\t\t\t\t\t\t<\/div>\n\t\t\t\t<\/div>\n\t\t\t\t\t<\/div>\n\t\t<\/div>\n\t\t\t\t\t<\/div>\n\t\t<\/section>\n\t\t\t\t<section class=\"elementor-section elementor-top-section elementor-element elementor-element-d694ad9 elementor-section-boxed elementor-section-height-default elementor-section-height-default\" data-id=\"d694ad9\" data-element_type=\"section\" data-e-type=\"section\">\n\t\t\t\t\t\t<div class=\"elementor-container elementor-column-gap-default\">\n\t\t\t\t\t<div class=\"elementor-column elementor-col-100 elementor-top-column elementor-element elementor-element-1cef920\" data-id=\"1cef920\" data-element_type=\"column\" data-e-type=\"column\">\n\t\t\t<div class=\"elementor-widget-wrap elementor-element-populated\">\n\t\t\t\t\t\t<div class=\"elementor-element elementor-element-f7c2a25 elementor-widget elementor-widget-text-editor\" data-id=\"f7c2a25\" data-element_type=\"widget\" data-e-type=\"widget\" data-widget_type=\"text-editor.default\">\n\t\t\t\t<div class=\"elementor-widget-container\">\n\t\t\t\t\t\t\t\t\t<p>\u00a0Wir legen gro\u00dfen Wert auf Qualit\u00e4t und sorgf\u00e4ltige Verarbeitung, damit Ihre K\u00fcche ein Ort ist, an dem Sie gerne Zeit verbringen. Neben unseren K\u00fcchen bieten wir auch Waschr\u00e4ume an, die perfekt zu Ihrem Zuhause passen. Egal ob Sie eine praktische L\u00f6sung f\u00fcr Ihre Waschmaschine und Trockner suchen oder einen stilvollen Raum f\u00fcr Ihre W\u00e4sche schaffen m\u00f6chten, wir haben die passenden L\u00f6sungen f\u00fcr Sie. Dar\u00fcber hinaus finden Sie in unserem Salon auch eine Auswahl an Esszimmerm\u00f6beln. Von eleganten Esstischen bis hin zu bequemen St\u00fchlen &#8211; wir helfen Ihnen dabei, einen Essbereich zu schaffen, in dem Sie Ihre Mahlzeiten in stilvollem Ambiente genie\u00dfen k\u00f6nnen.<\/p><blockquote><p>Besuchen Sie unseren Salon Ark\u00fcchen und lassen Sie sich von unserer breiten Auswahl an modernen, rustikalen und eleganten K\u00fcchen, Blockk\u00fcchen, Waschr\u00e4umen und Esszimmerm\u00f6beln verzaubern. Unser kompetentes Team steht Ihnen gerne zur Verf\u00fcgung und ber\u00e4t Sie bei der Auswahl der perfekten L\u00f6sungen f\u00fcr Ihr Zuhause. Wir freuen uns darauf, Sie bei uns begr\u00fc\u00dfen zu d\u00fcrfen!<\/p><p><strong>\u00a0<\/strong><\/p><\/blockquote>\t\t\t\t\t\t\t\t<\/div>\n\t\t\t\t<\/div>\n\t\t\t\t\t<\/div>\n\t\t<\/div>\n\t\t\t\t\t<\/div>\n\t\t<\/section>\n\t\t\t\t<\/div>\n\t\t","protected":false},"excerpt":{"rendered":"<p>K\u00dcCHENSTUDIO Willkommen bei Ark\u00fcchen, Ihrem Salon f\u00fcr moderne, rustikale und elegante K\u00fcchen, Blockk\u00fcchen, Waschr\u00e4ume, Wohnzimmer, Garderobe und Esszimmerm\u00f6bel. Artk\u00fcchen ist der ideale Ort, um Ihre Traumk\u00fcche zu finden. Wir bieten eine vielf\u00e4ltige Auswahl an K\u00fcchenstilen, von modern und minimalistisch bis hin zu rustikal und charmant. Egal welchen Stil Sie bevorzugen, wir haben die perfekte K\u00fcche [&hellip;]<\/p>\n","protected":false},"author":1,"featured_media":0,"parent":0,"menu_order":0,"comment_status":"closed","ping_status":"closed","template":"","meta":{"inline_featured_image":false,"footnotes":""},"class_list":["post-18174","page","type-page","status-publish","hentry"],"aioseo_notices":[],"jetpack_sharing_enabled":true,"_links":{"self":[{"href":"https:\/\/artkuechen.com\/index.php\/wp-json\/wp\/v2\/pages\/18174","targetHints":{"allow":["GET"]}}],"collection":[{"href":"https:\/\/artkuechen.com\/index.php\/wp-json\/wp\/v2\/pages"}],"about":[{"href":"https:\/\/artkuechen.com\/index.php\/wp-json\/wp\/v2\/types\/page"}],"author":[{"embeddable":true,"href":"https:\/\/artkuechen.com\/index.php\/wp-json\/wp\/v2\/users\/1"}],"replies":[{"embeddable":true,"href":"https:\/\/artkuechen.com\/index.php\/wp-json\/wp\/v2\/comments?post=18174"}],"version-history":[{"count":54,"href":"https:\/\/artkuechen.com\/index.php\/wp-json\/wp\/v2\/pages\/18174\/revisions"}],"predecessor-version":[{"id":22093,"href":"https:\/\/artkuechen.com\/index.php\/wp-json\/wp\/v2\/pages\/18174\/revisions\/22093"}],"wp:attachment":[{"href":"https:\/\/artkuechen.com\/index.php\/wp-json\/wp\/v2\/media?parent=18174"}],"curies":[{"name":"wp","href":"https:\/\/api.w.org\/{rel}","templated":true}]}}