{"id":18092,"date":"2023-09-26T15:54:11","date_gmt":"2023-09-26T15:54:11","guid":{"rendered":"https:\/\/artkuechen.com\/?page_id=18092"},"modified":"2024-11-13T17:28:21","modified_gmt":"2024-11-13T17:28:21","slug":"kuchenprojekt","status":"publish","type":"page","link":"https:\/\/artkuechen.com\/index.php\/kuchenprojekt\/","title":{"rendered":"K\u00fcchenprojekt"},"content":{"rendered":"\t\t<div data-elementor-type=\"wp-page\" data-elementor-id=\"18092\" class=\"elementor elementor-18092\">\n\t\t\t\t\t\t<section class=\"elementor-section elementor-top-section elementor-element elementor-element-3d8f95b elementor-section-boxed elementor-section-height-default elementor-section-height-default\" data-id=\"3d8f95b\" data-element_type=\"section\" data-e-type=\"section\">\n\t\t\t\t\t\t<div class=\"elementor-container elementor-column-gap-default\">\n\t\t\t\t\t<div class=\"elementor-column elementor-col-100 elementor-top-column elementor-element elementor-element-0460c80\" data-id=\"0460c80\" data-element_type=\"column\" data-e-type=\"column\">\n\t\t\t<div class=\"elementor-widget-wrap elementor-element-populated\">\n\t\t\t\t\t\t<div class=\"elementor-element elementor-element-7d9a32d elementor-icon-left elementor-widget elementor-widget-kitchor-heading\" data-id=\"7d9a32d\" data-element_type=\"widget\" data-e-type=\"widget\" data-widget_type=\"kitchor-heading.default\">\n\t\t\t\t<div class=\"elementor-widget-container\">\n\t\t\t\t\t<h3 class=\"elementor-heading-title elementor-size-default\"><span>K\u00fccheneinbau<\/span><\/h3>\t\t\t\t<\/div>\n\t\t\t\t<\/div>\n\t\t\t\t\t<\/div>\n\t\t<\/div>\n\t\t\t\t\t<\/div>\n\t\t<\/section>\n\t\t\t\t<section class=\"elementor-section elementor-top-section elementor-element elementor-element-d821003 elementor-section-boxed elementor-section-height-default elementor-section-height-default\" data-id=\"d821003\" data-element_type=\"section\" data-e-type=\"section\">\n\t\t\t\t\t\t<div class=\"elementor-container elementor-column-gap-default\">\n\t\t\t\t\t<div class=\"elementor-column elementor-col-100 elementor-top-column elementor-element elementor-element-4e5c140\" data-id=\"4e5c140\" data-element_type=\"column\" data-e-type=\"column\">\n\t\t\t<div class=\"elementor-widget-wrap elementor-element-populated\">\n\t\t\t\t\t\t<div class=\"elementor-element elementor-element-e696e5b elementor-widget elementor-widget-text-editor\" data-id=\"e696e5b\" data-element_type=\"widget\" data-e-type=\"widget\" data-widget_type=\"text-editor.default\">\n\t\t\t\t<div class=\"elementor-widget-container\">\n\t\t\t\t\t\t\t\t\t<p>Der Begriff Einbauk\u00fcche ist sehr umfangreich gefasst. Es k\u00f6nnte eine Einbauk\u00fcche in einer kleinen Wohnung sein, zwischen zwei W\u00e4nden mit nur 1,2 m Breite; eine K\u00fcche f\u00fcr eine Terrasse, zwischen Sonnenschirm und Whirlpool; aber auch eine K\u00fcche in einem sch\u00f6nen Haus, passend f\u00fcr die ganze Familie. Lassen Sie sich durch unsere Bilder unten inspirieren.<\/p><blockquote><p>Ganz gleich, ob Sie sich f\u00fcr den Kauf einer neuen K\u00fcche entschieden haben oder nur Ihre alte K\u00fcche modernisieren wollen \u2013 wir beraten Sie kompetent und individuell, ganz wie es Ihre pers\u00f6nliche Lebenslage gerade erfordert. Wir \u00fcbernehmen die Verantwortung, dass Ihre K\u00fcche zu Ihrer Traumk\u00fcche wird und es auch weiterhin bleibt! Sie werden \u00fcberrascht sein, dass eine moderne K\u00fcche und guter Service nicht teuer sein m\u00fcssen. \u00dcberzeugen Sie sich selbst. Wir beraten Sie gern und unverbindlich!<\/p><\/blockquote>\t\t\t\t\t\t\t\t<\/div>\n\t\t\t\t<\/div>\n\t\t\t\t\t<\/div>\n\t\t<\/div>\n\t\t\t\t\t<\/div>\n\t\t<\/section>\n\t\t\t\t<section class=\"elementor-section elementor-top-section elementor-element elementor-element-b353301 elementor-section-boxed elementor-section-height-default elementor-section-height-default\" data-id=\"b353301\" data-element_type=\"section\" data-e-type=\"section\">\n\t\t\t\t\t\t<div class=\"elementor-container elementor-column-gap-default\">\n\t\t\t\t\t<div class=\"elementor-column elementor-col-50 elementor-top-column elementor-element elementor-element-1f0c103\" data-id=\"1f0c103\" data-element_type=\"column\" data-e-type=\"column\">\n\t\t\t<div class=\"elementor-widget-wrap elementor-element-populated\">\n\t\t\t\t\t\t<div class=\"elementor-element elementor-element-6fa9487 elementor-widget elementor-widget-kitchor-image-before-after\" data-id=\"6fa9487\" data-element_type=\"widget\" data-e-type=\"widget\" data-widget_type=\"kitchor-image-before-after.default\">\n\t\t\t\t<div class=\"elementor-widget-container\">\n\t\t\t\t\t            <div class=\"elementor-image-before-after-wrapper\">\n                <div class=\"elementor-image-before-after\">\n                    <img decoding=\"async\" class=\"content-image\" src=\"https:\/\/artkuechen.com\/wp-content\/uploads\/2023\/10\/poslije2.jpg\" draggable=\"false\"\/>\n                    <img decoding=\"async\" class=\"content-image\" src=\"https:\/\/artkuechen.com\/wp-content\/uploads\/2023\/10\/prije2.jpg\" draggable=\"false\"\/>\n                <\/div>\n            <\/div>\n            \t\t\t\t<\/div>\n\t\t\t\t<\/div>\n\t\t\t\t\t<\/div>\n\t\t<\/div>\n\t\t\t\t<div class=\"elementor-column elementor-col-50 elementor-top-column elementor-element elementor-element-9a81766\" data-id=\"9a81766\" data-element_type=\"column\" data-e-type=\"column\">\n\t\t\t<div class=\"elementor-widget-wrap elementor-element-populated\">\n\t\t\t\t\t\t<div class=\"elementor-element elementor-element-2f39033 elementor-widget elementor-widget-kitchor-image-before-after\" data-id=\"2f39033\" data-element_type=\"widget\" data-e-type=\"widget\" data-widget_type=\"kitchor-image-before-after.default\">\n\t\t\t\t<div class=\"elementor-widget-container\">\n\t\t\t\t\t            <div class=\"elementor-image-before-after-wrapper\">\n                <div class=\"elementor-image-before-after\">\n                    <img decoding=\"async\" class=\"content-image\" src=\"https:\/\/artkuechen.com\/wp-content\/uploads\/2023\/10\/poslije1.jpg\" draggable=\"false\"\/>\n                    <img decoding=\"async\" class=\"content-image\" src=\"https:\/\/artkuechen.com\/wp-content\/uploads\/2023\/10\/prije-1.jpg\" draggable=\"false\"\/>\n                <\/div>\n            <\/div>\n            \t\t\t\t<\/div>\n\t\t\t\t<\/div>\n\t\t\t\t\t<\/div>\n\t\t<\/div>\n\t\t\t\t\t<\/div>\n\t\t<\/section>\n\t\t\t\t<section class=\"elementor-section elementor-top-section elementor-element elementor-element-7b96d48 elementor-section-boxed elementor-section-height-default elementor-section-height-default\" data-id=\"7b96d48\" data-element_type=\"section\" data-e-type=\"section\">\n\t\t\t\t\t\t<div class=\"elementor-container elementor-column-gap-default\">\n\t\t\t\t\t<div class=\"elementor-column elementor-col-100 elementor-top-column elementor-element elementor-element-2dbadcb\" data-id=\"2dbadcb\" data-element_type=\"column\" data-e-type=\"column\">\n\t\t\t<div class=\"elementor-widget-wrap elementor-element-populated\">\n\t\t\t\t\t\t<div class=\"elementor-element elementor-element-eff0963 elementor-widget elementor-widget-toggle\" data-id=\"eff0963\" data-element_type=\"widget\" data-e-type=\"widget\" data-widget_type=\"toggle.default\">\n\t\t\t\t<div class=\"elementor-widget-container\">\n\t\t\t\t\t\t\t<div class=\"elementor-toggle\">\n\t\t\t\t\t\t\t<div class=\"elementor-toggle-item\">\n\t\t\t\t\t<div id=\"elementor-tab-title-2511\" class=\"elementor-tab-title\" data-tab=\"1\" role=\"button\" aria-controls=\"elementor-tab-content-2511\" aria-expanded=\"false\">\n\t\t\t\t\t\t\t\t\t\t\t\t<span class=\"elementor-toggle-icon elementor-toggle-icon-left\" aria-hidden=\"true\">\n\t\t\t\t\t\t\t\t\t\t\t\t\t\t\t<span class=\"elementor-toggle-icon-closed\"><i class=\"fas fa-caret-right\"><\/i><\/span>\n\t\t\t\t\t\t\t\t<span class=\"elementor-toggle-icon-opened\"><i class=\"elementor-toggle-icon-opened fas fa-caret-up\"><\/i><\/span>\n\t\t\t\t\t\t\t\t\t\t\t\t\t<\/span>\n\t\t\t\t\t\t\t\t\t\t\t\t<a class=\"elementor-toggle-title\" tabindex=\"0\">K\u00fcchenplanung<\/a>\n\t\t\t\t\t<\/div>\n\n\t\t\t\t\t<div id=\"elementor-tab-content-2511\" class=\"elementor-tab-content elementor-clearfix\" data-tab=\"1\" role=\"region\" aria-labelledby=\"elementor-tab-title-2511\"><p>Eine durchdachte und gute K\u00fcchenplanung erspart Ihnen viele Probleme und sch\u00fctzt Sie vor versteckten Kostenfallen. Hierbei gibt es vielerlei Fragen zu kl\u00e4ren: Wie viel Platz steht Ihnen f\u00fcr Ihre K\u00fcche zur Verf\u00fcgung? Was f\u00fcr einen Einrichtungsstil bevorzugen Sie? Soll es eher eine gem\u00fctliche Wohnk\u00fcche oder ist Ihnen eine funktionale, k\u00fchle Variante lieber? Soll die K\u00fcche offen oder geschlossen sein? Wie viel Stauraum wird ben\u00f6tigt? Welche Materialien wollen Sie verwenden? Wie stellen Sie sich die Beleuchtung vor? Welche Ger\u00e4te werden ben\u00f6tigt? Welche Anschl\u00fcsse sind vorhanden? Und mit welchem Budget planen Sie? Schon allein an dieser kleinen Auswahl ist zu erkennen, wie umfangreich und detailliert eine genaue K\u00fcchenplanung sein sollte. Wir beraten Sie deshalb gern ausf\u00fchrlich und gehen dabei auf Ihre ganz individuellen Vorstellungen und Anforderungen an Ihre K\u00fcche ein.<\/p><\/div>\n\t\t\t\t<\/div>\n\t\t\t\t\t\t\t<div class=\"elementor-toggle-item\">\n\t\t\t\t\t<div id=\"elementor-tab-title-2512\" class=\"elementor-tab-title\" data-tab=\"2\" role=\"button\" aria-controls=\"elementor-tab-content-2512\" aria-expanded=\"false\">\n\t\t\t\t\t\t\t\t\t\t\t\t<span class=\"elementor-toggle-icon elementor-toggle-icon-left\" aria-hidden=\"true\">\n\t\t\t\t\t\t\t\t\t\t\t\t\t\t\t<span class=\"elementor-toggle-icon-closed\"><i class=\"fas fa-caret-right\"><\/i><\/span>\n\t\t\t\t\t\t\t\t<span class=\"elementor-toggle-icon-opened\"><i class=\"elementor-toggle-icon-opened fas fa-caret-up\"><\/i><\/span>\n\t\t\t\t\t\t\t\t\t\t\t\t\t<\/span>\n\t\t\t\t\t\t\t\t\t\t\t\t<a class=\"elementor-toggle-title\" tabindex=\"0\">Verkauf<\/a>\n\t\t\t\t\t<\/div>\n\n\t\t\t\t\t<div id=\"elementor-tab-content-2512\" class=\"elementor-tab-content elementor-clearfix\" data-tab=\"2\" role=\"region\" aria-labelledby=\"elementor-tab-title-2512\"><p>Wenn Sie mit der letzten Planungsidee zufrieden sind, geht es im Prozess weiter mit dem Vertrag und der Bestellung Ihrer K\u00fcche bei unserem K\u00fcchenvertragspartner. Sie erhalten von uns dann die Termine f\u00fcr Lieferung und Montage.<\/p><\/div>\n\t\t\t\t<\/div>\n\t\t\t\t\t\t\t<div class=\"elementor-toggle-item\">\n\t\t\t\t\t<div id=\"elementor-tab-title-2513\" class=\"elementor-tab-title\" data-tab=\"3\" role=\"button\" aria-controls=\"elementor-tab-content-2513\" aria-expanded=\"false\">\n\t\t\t\t\t\t\t\t\t\t\t\t<span class=\"elementor-toggle-icon elementor-toggle-icon-left\" aria-hidden=\"true\">\n\t\t\t\t\t\t\t\t\t\t\t\t\t\t\t<span class=\"elementor-toggle-icon-closed\"><i class=\"fas fa-caret-right\"><\/i><\/span>\n\t\t\t\t\t\t\t\t<span class=\"elementor-toggle-icon-opened\"><i class=\"elementor-toggle-icon-opened fas fa-caret-up\"><\/i><\/span>\n\t\t\t\t\t\t\t\t\t\t\t\t\t<\/span>\n\t\t\t\t\t\t\t\t\t\t\t\t<a class=\"elementor-toggle-title\" tabindex=\"0\">Lieferung<\/a>\n\t\t\t\t\t<\/div>\n\n\t\t\t\t\t<div id=\"elementor-tab-content-2513\" class=\"elementor-tab-content elementor-clearfix\" data-tab=\"3\" role=\"region\" aria-labelledby=\"elementor-tab-title-2513\"><p>\u00a0Sobald Ihre Traumk\u00fcche bei uns im Lager angekommen ist und fertig ist zur Lieferung, erhalten Sie von uns die entsprechende Information. Nach Absprache \u00fcbernehmen wir dann die Lieferung Ihrer Traumk\u00fcche f\u00fcr Sie.<\/p><\/div>\n\t\t\t\t<\/div>\n\t\t\t\t\t\t\t<div class=\"elementor-toggle-item\">\n\t\t\t\t\t<div id=\"elementor-tab-title-2514\" class=\"elementor-tab-title\" data-tab=\"4\" role=\"button\" aria-controls=\"elementor-tab-content-2514\" aria-expanded=\"false\">\n\t\t\t\t\t\t\t\t\t\t\t\t<span class=\"elementor-toggle-icon elementor-toggle-icon-left\" aria-hidden=\"true\">\n\t\t\t\t\t\t\t\t\t\t\t\t\t\t\t<span class=\"elementor-toggle-icon-closed\"><i class=\"fas fa-caret-right\"><\/i><\/span>\n\t\t\t\t\t\t\t\t<span class=\"elementor-toggle-icon-opened\"><i class=\"elementor-toggle-icon-opened fas fa-caret-up\"><\/i><\/span>\n\t\t\t\t\t\t\t\t\t\t\t\t\t<\/span>\n\t\t\t\t\t\t\t\t\t\t\t\t<a class=\"elementor-toggle-title\" tabindex=\"0\">K\u00fcchenmontage<\/a>\n\t\t\t\t\t<\/div>\n\n\t\t\t\t\t<div id=\"elementor-tab-content-2514\" class=\"elementor-tab-content elementor-clearfix\" data-tab=\"4\" role=\"region\" aria-labelledby=\"elementor-tab-title-2514\"><p>Profitieren Sie von unserer langj\u00e4hrigen Erfahrung und unserem Know-how! Ihre alte K\u00fcche muss zun\u00e4chst entsorgt werden? Kein Problem. Und auch der Zusammenbau der K\u00fcchenm\u00f6bel, verschiedener Einzelteile, die Anpassung der Arbeitsplatte an die \u00f6rtlichen Gegebenheiten, der Einbau der Sp\u00fcle und des Kochfeldes sowie der Einbau und Anschluss aller Elektroger\u00e4te und Armaturen erfolgt bei uns aus einer Hand, schnell und zuverl\u00e4ssig.<\/p><\/div>\n\t\t\t\t<\/div>\n\t\t\t\t\t\t\t<div class=\"elementor-toggle-item\">\n\t\t\t\t\t<div id=\"elementor-tab-title-2515\" class=\"elementor-tab-title\" data-tab=\"5\" role=\"button\" aria-controls=\"elementor-tab-content-2515\" aria-expanded=\"false\">\n\t\t\t\t\t\t\t\t\t\t\t\t<span class=\"elementor-toggle-icon elementor-toggle-icon-left\" aria-hidden=\"true\">\n\t\t\t\t\t\t\t\t\t\t\t\t\t\t\t<span class=\"elementor-toggle-icon-closed\"><i class=\"fas fa-caret-right\"><\/i><\/span>\n\t\t\t\t\t\t\t\t<span class=\"elementor-toggle-icon-opened\"><i class=\"elementor-toggle-icon-opened fas fa-caret-up\"><\/i><\/span>\n\t\t\t\t\t\t\t\t\t\t\t\t\t<\/span>\n\t\t\t\t\t\t\t\t\t\t\t\t<a class=\"elementor-toggle-title\" tabindex=\"0\">K\u00fcchenmodernisierung<\/a>\n\t\t\t\t\t<\/div>\n\n\t\t\t\t\t<div id=\"elementor-tab-content-2515\" class=\"elementor-tab-content elementor-clearfix\" data-tab=\"5\" role=\"region\" aria-labelledby=\"elementor-tab-title-2515\"><p>Sie h\u00e4ngen an Ihrer bisherigen K\u00fcche und w\u00fcnschen sich nur eine Modernisierung einzelner Elemente, ganz nach dem Motto \u201eAus alt mach neu!\u201c? Auch wenn Ihre K\u00fcche optisch und technisch vielleicht nicht mehr auf dem neusten Stand ist, so hei\u00dft dies nicht, dass diese komplett erneuert werden muss! Wir besprechen mit Ihnen gemeinsam, ab wann sich eine neue K\u00fcche f\u00fcr Sie wirklich lohnt oder ob Sie durch kleine Ver\u00e4nderungen und Modernisierungen am Ende bares Geld sparen k\u00f6nnen. Sie werden erstaunt sein, was sich aus Ihrer alten K\u00fcche alles machen l\u00e4sst! Auch mehr Komfort! Stilvolle, neue Fronten, andere Griffe, eine moderne Arbeitsplatte aus hochwertigem Material und ergonomisch eingebaute, energiesparende Elektroger\u00e4te k\u00f6nnen Ihre alte K\u00fcche f\u00fcr lange Zeit wieder zu Ihrer neuen Traumk\u00fcche machen!<\/p><\/div>\n\t\t\t\t<\/div>\n\t\t\t\t\t\t\t\t<\/div>\n\t\t\t\t\t\t<\/div>\n\t\t\t\t<\/div>\n\t\t\t\t\t<\/div>\n\t\t<\/div>\n\t\t\t\t\t<\/div>\n\t\t<\/section>\n\t\t\t\t<section class=\"elementor-section elementor-top-section elementor-element elementor-element-448c6d1 elementor-section-boxed elementor-section-height-default elementor-section-height-default\" data-id=\"448c6d1\" data-element_type=\"section\" data-e-type=\"section\">\n\t\t\t\t\t\t<div class=\"elementor-container elementor-column-gap-default\">\n\t\t\t\t\t<div class=\"elementor-column elementor-col-100 elementor-top-column elementor-element elementor-element-6e762a5\" data-id=\"6e762a5\" data-element_type=\"column\" data-e-type=\"column\">\n\t\t\t<div class=\"elementor-widget-wrap elementor-element-populated\">\n\t\t\t\t\t\t<div class=\"elementor-element elementor-element-8999c8b elementor-widget elementor-widget-spacer\" data-id=\"8999c8b\" data-element_type=\"widget\" data-e-type=\"widget\" data-widget_type=\"spacer.default\">\n\t\t\t\t<div class=\"elementor-widget-container\">\n\t\t\t\t\t\t\t<div class=\"elementor-spacer\">\n\t\t\t<div class=\"elementor-spacer-inner\"><\/div>\n\t\t<\/div>\n\t\t\t\t\t\t<\/div>\n\t\t\t\t<\/div>\n\t\t\t\t\t<\/div>\n\t\t<\/div>\n\t\t\t\t\t<\/div>\n\t\t<\/section>\n\t\t\t\t<\/div>\n\t\t","protected":false},"excerpt":{"rendered":"<p>K\u00fccheneinbau Der Begriff Einbauk\u00fcche ist sehr umfangreich gefasst. Es k\u00f6nnte eine Einbauk\u00fcche in einer kleinen Wohnung sein, zwischen zwei W\u00e4nden mit nur 1,2 m Breite; eine K\u00fcche f\u00fcr eine Terrasse, zwischen Sonnenschirm und Whirlpool; aber auch eine K\u00fcche in einem sch\u00f6nen Haus, passend f\u00fcr die ganze Familie. Lassen Sie sich durch unsere Bilder unten inspirieren. [&hellip;]<\/p>\n","protected":false},"author":1,"featured_media":0,"parent":0,"menu_order":0,"comment_status":"closed","ping_status":"closed","template":"","meta":{"inline_featured_image":false,"footnotes":""},"class_list":["post-18092","page","type-page","status-publish","hentry"],"aioseo_notices":[],"jetpack_sharing_enabled":true,"_links":{"self":[{"href":"https:\/\/artkuechen.com\/index.php\/wp-json\/wp\/v2\/pages\/18092","targetHints":{"allow":["GET"]}}],"collection":[{"href":"https:\/\/artkuechen.com\/index.php\/wp-json\/wp\/v2\/pages"}],"about":[{"href":"https:\/\/artkuechen.com\/index.php\/wp-json\/wp\/v2\/types\/page"}],"author":[{"embeddable":true,"href":"https:\/\/artkuechen.com\/index.php\/wp-json\/wp\/v2\/users\/1"}],"replies":[{"embeddable":true,"href":"https:\/\/artkuechen.com\/index.php\/wp-json\/wp\/v2\/comments?post=18092"}],"version-history":[{"count":139,"href":"https:\/\/artkuechen.com\/index.php\/wp-json\/wp\/v2\/pages\/18092\/revisions"}],"predecessor-version":[{"id":22119,"href":"https:\/\/artkuechen.com\/index.php\/wp-json\/wp\/v2\/pages\/18092\/revisions\/22119"}],"wp:attachment":[{"href":"https:\/\/artkuechen.com\/index.php\/wp-json\/wp\/v2\/media?parent=18092"}],"curies":[{"name":"wp","href":"https:\/\/api.w.org\/{rel}","templated":true}]}}