{"id":17566,"date":"2023-09-23T18:25:52","date_gmt":"2023-09-23T18:25:52","guid":{"rendered":"https:\/\/artkuechen.com\/?page_id=17566"},"modified":"2024-11-13T16:54:13","modified_gmt":"2024-11-13T16:54:13","slug":"elegante-kuchen","status":"publish","type":"page","link":"https:\/\/artkuechen.com\/index.php\/elegante-kuchen\/","title":{"rendered":"Elegante K\u00fcchen"},"content":{"rendered":"\t\t<div data-elementor-type=\"wp-page\" data-elementor-id=\"17566\" class=\"elementor elementor-17566\">\n\t\t\t\t\t\t<section class=\"elementor-section elementor-top-section elementor-element elementor-element-df2d273 elementor-section-boxed elementor-section-height-default elementor-section-height-default\" data-id=\"df2d273\" data-element_type=\"section\" data-e-type=\"section\">\n\t\t\t\t\t\t<div class=\"elementor-container elementor-column-gap-default\">\n\t\t\t\t\t<div class=\"elementor-column elementor-col-100 elementor-top-column elementor-element elementor-element-2551316\" data-id=\"2551316\" data-element_type=\"column\" data-e-type=\"column\">\n\t\t\t<div class=\"elementor-widget-wrap elementor-element-populated\">\n\t\t\t\t\t\t<div class=\"elementor-element elementor-element-6a2cab8 elementor-icon-left elementor-widget elementor-widget-kitchor-heading\" data-id=\"6a2cab8\" data-element_type=\"widget\" data-e-type=\"widget\" data-widget_type=\"kitchor-heading.default\">\n\t\t\t\t<div class=\"elementor-widget-container\">\n\t\t\t\t\t<h4 class=\"elementor-heading-title elementor-size-default\"><span>ELEGANTE K\u00dcCHEN<\/span><\/h4>\t\t\t\t<\/div>\n\t\t\t\t<\/div>\n\t\t\t\t\t<\/div>\n\t\t<\/div>\n\t\t\t\t\t<\/div>\n\t\t<\/section>\n\t\t\t\t<section class=\"elementor-section elementor-top-section elementor-element elementor-element-0f6e0f3 elementor-section-boxed elementor-section-height-default elementor-section-height-default\" data-id=\"0f6e0f3\" data-element_type=\"section\" data-e-type=\"section\">\n\t\t\t\t\t\t<div class=\"elementor-container elementor-column-gap-default\">\n\t\t\t\t\t<div class=\"elementor-column elementor-col-100 elementor-top-column elementor-element elementor-element-0cb2dcd\" data-id=\"0cb2dcd\" data-element_type=\"column\" data-e-type=\"column\">\n\t\t\t<div class=\"elementor-widget-wrap elementor-element-populated\">\n\t\t\t\t\t\t<div class=\"elementor-element elementor-element-c0b6cfb elementor-widget elementor-widget-text-editor\" data-id=\"c0b6cfb\" data-element_type=\"widget\" data-e-type=\"widget\" data-widget_type=\"text-editor.default\">\n\t\t\t\t<div class=\"elementor-widget-container\">\n\t\t\t\t\t\t\t\t\t<p>Tauchen Sie ein in die Welt der eleganten K\u00fcchen und entdecken Sie bei uns zeitlose Sch\u00f6nheit und raffiniertes Design. Unsere eleganten K\u00fcchen vereinen \u00c4sthetik und Funktionalit\u00e4t auf harmonische Weise. Mit hochwertigen Materialien, feinen Details und einer sorgf\u00e4ltigen Verarbeitung schaffen wir K\u00fcchen, die Luxus und Eleganz ausstrahlen.<\/p>\t\t\t\t\t\t\t\t<\/div>\n\t\t\t\t<\/div>\n\t\t\t\t\t<\/div>\n\t\t<\/div>\n\t\t\t\t\t<\/div>\n\t\t<\/section>\n\t\t\t\t<section class=\"elementor-section elementor-top-section elementor-element elementor-element-cfc7269 elementor-section-boxed elementor-section-height-default elementor-section-height-default\" data-id=\"cfc7269\" data-element_type=\"section\" data-e-type=\"section\">\n\t\t\t\t\t\t<div class=\"elementor-container elementor-column-gap-default\">\n\t\t\t\t\t<div class=\"elementor-column elementor-col-100 elementor-top-column elementor-element elementor-element-2d376ab\" data-id=\"2d376ab\" data-element_type=\"column\" data-e-type=\"column\">\n\t\t\t<div class=\"elementor-widget-wrap elementor-element-populated\">\n\t\t\t\t\t\t<div class=\"elementor-element elementor-element-e7f121a animated-slow elementor-invisible elementor-widget elementor-widget-kitchor-image-masonry\" data-id=\"e7f121a\" data-element_type=\"widget\" data-e-type=\"widget\" data-settings=\"{&quot;_animation&quot;:&quot;fadeIn&quot;}\" data-widget_type=\"kitchor-image-masonry.default\">\n\t\t\t\t<div class=\"elementor-widget-container\">\n\t\t\t\t\t        <div class=\"image-grid-wrapper\">\n            <div class=\"grid-wrapper\">\n                                    <div class=\"big\">\n                        <a data-elementor-open-lightbox=\"yes\" data-elementor-lightbox-slideshow=\"e7f121a\"                           href=\"https:\/\/artkuechen.com\/wp-content\/uploads\/2023\/09\/Koje43_AV4030GL_schwarz_4030GL_Weiss_M-scaled.jpg\">\n                            <img decoding=\"async\" src=\"https:\/\/artkuechen.com\/wp-content\/uploads\/2023\/09\/Koje43_AV4030GL_schwarz_4030GL_Weiss_M-1024x718.jpg\">\n                        <\/a>\n                    <\/div>\n                                    <div class=\"\">\n                        <a data-elementor-open-lightbox=\"yes\" data-elementor-lightbox-slideshow=\"e7f121a\"                           href=\"https:\/\/artkuechen.com\/wp-content\/uploads\/2023\/09\/14-1.png\">\n                            <img decoding=\"async\" src=\"https:\/\/artkuechen.com\/wp-content\/uploads\/2023\/09\/14-1-1024x767.png\">\n                        <\/a>\n                    <\/div>\n                                    <div class=\"\">\n                        <a data-elementor-open-lightbox=\"yes\" data-elementor-lightbox-slideshow=\"e7f121a\"                           href=\"https:\/\/artkuechen.com\/wp-content\/uploads\/2023\/09\/Koje29_Perfect_Soft_Crema_magnolie_schwarz_M-scaled.jpg\">\n                            <img decoding=\"async\" src=\"https:\/\/artkuechen.com\/wp-content\/uploads\/2023\/09\/Koje29_Perfect_Soft_Crema_magnolie_schwarz_M-1024x633.jpg\">\n                        <\/a>\n                    <\/div>\n                                    <div class=\"\">\n                        <a data-elementor-open-lightbox=\"yes\" data-elementor-lightbox-slideshow=\"e7f121a\"                           href=\"https:\/\/artkuechen.com\/wp-content\/uploads\/2023\/09\/7.png\">\n                            <img decoding=\"async\" src=\"https:\/\/artkuechen.com\/wp-content\/uploads\/2023\/09\/7-1024x725.png\">\n                        <\/a>\n                    <\/div>\n                                    <div class=\"\">\n                        <a data-elementor-open-lightbox=\"yes\" data-elementor-lightbox-slideshow=\"e7f121a\"                           href=\"https:\/\/artkuechen.com\/wp-content\/uploads\/2023\/09\/12.png\">\n                            <img decoding=\"async\" src=\"https:\/\/artkuechen.com\/wp-content\/uploads\/2023\/09\/12-1024x555.png\">\n                        <\/a>\n                    <\/div>\n                                    <div class=\"big\">\n                        <a data-elementor-open-lightbox=\"yes\" data-elementor-lightbox-slideshow=\"e7f121a\"                           href=\"https:\/\/artkuechen.com\/wp-content\/uploads\/2023\/07\/gallery-n3.jpg\">\n                            <img decoding=\"async\" src=\"https:\/\/artkuechen.com\/wp-content\/uploads\/2023\/07\/gallery-n3-724x1024.jpg\">\n                        <\/a>\n                    <\/div>\n                                    <div class=\"tall\">\n                        <a data-elementor-open-lightbox=\"yes\" data-elementor-lightbox-slideshow=\"e7f121a\"                           href=\"https:\/\/artkuechen.com\/wp-content\/uploads\/2023\/09\/5-1.png\">\n                            <img decoding=\"async\" src=\"https:\/\/artkuechen.com\/wp-content\/uploads\/2023\/09\/5-1-725x1024.png\">\n                        <\/a>\n                    <\/div>\n                                    <div class=\"wide\">\n                        <a data-elementor-open-lightbox=\"yes\" data-elementor-lightbox-slideshow=\"e7f121a\"                           href=\"https:\/\/artkuechen.com\/wp-content\/uploads\/2023\/09\/10-1.png\">\n                            <img decoding=\"async\" src=\"https:\/\/artkuechen.com\/wp-content\/uploads\/2023\/09\/10-1-903x1024.png\">\n                        <\/a>\n                    <\/div>\n                                    <div class=\"tall\">\n                        <a data-elementor-open-lightbox=\"yes\" data-elementor-lightbox-slideshow=\"e7f121a\"                           href=\"https:\/\/artkuechen.com\/wp-content\/uploads\/2023\/04\/h9-slider02-min.jpg\">\n                            <img decoding=\"async\" src=\"https:\/\/artkuechen.com\/wp-content\/uploads\/2023\/04\/h9-slider02-min.jpg\">\n                        <\/a>\n                    <\/div>\n                            <\/div>\n\n        <\/div>\n        \t\t\t\t<\/div>\n\t\t\t\t<\/div>\n\t\t\t\t\t<\/div>\n\t\t<\/div>\n\t\t\t\t\t<\/div>\n\t\t<\/section>\n\t\t\t\t<section class=\"elementor-section elementor-top-section elementor-element elementor-element-d25fe49 elementor-section-boxed elementor-section-height-default elementor-section-height-default\" data-id=\"d25fe49\" data-element_type=\"section\" data-e-type=\"section\">\n\t\t\t\t\t\t<div class=\"elementor-container elementor-column-gap-default\">\n\t\t\t\t\t<div class=\"elementor-column elementor-col-50 elementor-top-column elementor-element elementor-element-0e01edd\" data-id=\"0e01edd\" data-element_type=\"column\" data-e-type=\"column\">\n\t\t\t<div class=\"elementor-widget-wrap elementor-element-populated\">\n\t\t\t\t\t\t<div class=\"elementor-element elementor-element-eb91090 elementor-widget elementor-widget-button\" data-id=\"eb91090\" data-element_type=\"widget\" data-e-type=\"widget\" data-widget_type=\"button.default\">\n\t\t\t\t<div class=\"elementor-widget-container\">\n\t\t\t\t\t\t\t\t\t<div class=\"elementor-button-wrapper\">\n\t\t\t\t\t<a class=\"elementor-button elementor-button-link elementor-size-sm\" href=\"https:\/\/artkuechen.com\/index.php\/grifflose-kuchen\/\">\n\t\t\t\t\t\t<span class=\"elementor-button-content-wrapper\">\n\t\t\t\t\t\t<span class=\"elementor-button-icon\">\n\t\t\t\t<i aria-hidden=\"true\" class=\"fas fa-angle-left\"><\/i>\t\t\t<\/span>\n\t\t\t\t\t\t\t\t\t<span class=\"elementor-button-text\">GRIFFLOSE K\u00dcCHEN<\/span>\n\t\t\t\t\t<\/span>\n\t\t\t\t\t<\/a>\n\t\t\t\t<\/div>\n\t\t\t\t\t\t\t\t<\/div>\n\t\t\t\t<\/div>\n\t\t\t\t\t<\/div>\n\t\t<\/div>\n\t\t\t\t<div class=\"elementor-column elementor-col-50 elementor-top-column elementor-element elementor-element-4db6c3b\" data-id=\"4db6c3b\" data-element_type=\"column\" data-e-type=\"column\">\n\t\t\t<div class=\"elementor-widget-wrap elementor-element-populated\">\n\t\t\t\t\t\t<div class=\"elementor-element elementor-element-252fb65 elementor-align-right elementor-widget elementor-widget-button\" data-id=\"252fb65\" data-element_type=\"widget\" data-e-type=\"widget\" data-widget_type=\"button.default\">\n\t\t\t\t<div class=\"elementor-widget-container\">\n\t\t\t\t\t\t\t\t\t<div class=\"elementor-button-wrapper\">\n\t\t\t\t\t<a class=\"elementor-button elementor-button-link elementor-size-lg\" href=\"https:\/\/artkuechen.com\/index.php\/moderne-kuechen\/\">\n\t\t\t\t\t\t<span class=\"elementor-button-content-wrapper\">\n\t\t\t\t\t\t<span class=\"elementor-button-icon\">\n\t\t\t\t<i aria-hidden=\"true\" class=\"fas fa-angle-right\"><\/i>\t\t\t<\/span>\n\t\t\t\t\t\t\t\t\t<span class=\"elementor-button-text\">MODERNE K\u00dcCHEN<\/span>\n\t\t\t\t\t<\/span>\n\t\t\t\t\t<\/a>\n\t\t\t\t<\/div>\n\t\t\t\t\t\t\t\t<\/div>\n\t\t\t\t<\/div>\n\t\t\t\t\t<\/div>\n\t\t<\/div>\n\t\t\t\t\t<\/div>\n\t\t<\/section>\n\t\t\t\t<section class=\"elementor-section elementor-top-section elementor-element elementor-element-1fc3a5f elementor-section-boxed elementor-section-height-default elementor-section-height-default\" data-id=\"1fc3a5f\" data-element_type=\"section\" data-e-type=\"section\">\n\t\t\t\t\t\t<div class=\"elementor-container elementor-column-gap-default\">\n\t\t\t\t\t<div class=\"elementor-column elementor-col-100 elementor-top-column elementor-element elementor-element-cfa14f8\" data-id=\"cfa14f8\" data-element_type=\"column\" data-e-type=\"column\">\n\t\t\t<div class=\"elementor-widget-wrap elementor-element-populated\">\n\t\t\t\t\t\t<div class=\"elementor-element elementor-element-7156546 elementor-widget elementor-widget-spacer\" data-id=\"7156546\" data-element_type=\"widget\" data-e-type=\"widget\" data-widget_type=\"spacer.default\">\n\t\t\t\t<div class=\"elementor-widget-container\">\n\t\t\t\t\t\t\t<div class=\"elementor-spacer\">\n\t\t\t<div class=\"elementor-spacer-inner\"><\/div>\n\t\t<\/div>\n\t\t\t\t\t\t<\/div>\n\t\t\t\t<\/div>\n\t\t\t\t\t<\/div>\n\t\t<\/div>\n\t\t\t\t\t<\/div>\n\t\t<\/section>\n\t\t\t\t<\/div>\n\t\t","protected":false},"excerpt":{"rendered":"<p>ELEGANTE K\u00dcCHEN Tauchen Sie ein in die Welt der eleganten K\u00fcchen und entdecken Sie bei uns zeitlose Sch\u00f6nheit und raffiniertes Design. Unsere eleganten K\u00fcchen vereinen \u00c4sthetik und Funktionalit\u00e4t auf harmonische Weise. Mit hochwertigen Materialien, feinen Details und einer sorgf\u00e4ltigen Verarbeitung schaffen wir K\u00fcchen, die Luxus und Eleganz ausstrahlen. GRIFFLOSE K\u00dcCHEN MODERNE K\u00dcCHEN<\/p>\n","protected":false},"author":1,"featured_media":18519,"parent":0,"menu_order":0,"comment_status":"closed","ping_status":"closed","template":"","meta":{"inline_featured_image":false,"footnotes":""},"class_list":["post-17566","page","type-page","status-publish","has-post-thumbnail","hentry"],"aioseo_notices":[],"jetpack_sharing_enabled":true,"_links":{"self":[{"href":"https:\/\/artkuechen.com\/index.php\/wp-json\/wp\/v2\/pages\/17566","targetHints":{"allow":["GET"]}}],"collection":[{"href":"https:\/\/artkuechen.com\/index.php\/wp-json\/wp\/v2\/pages"}],"about":[{"href":"https:\/\/artkuechen.com\/index.php\/wp-json\/wp\/v2\/types\/page"}],"author":[{"embeddable":true,"href":"https:\/\/artkuechen.com\/index.php\/wp-json\/wp\/v2\/users\/1"}],"replies":[{"embeddable":true,"href":"https:\/\/artkuechen.com\/index.php\/wp-json\/wp\/v2\/comments?post=17566"}],"version-history":[{"count":50,"href":"https:\/\/artkuechen.com\/index.php\/wp-json\/wp\/v2\/pages\/17566\/revisions"}],"predecessor-version":[{"id":22071,"href":"https:\/\/artkuechen.com\/index.php\/wp-json\/wp\/v2\/pages\/17566\/revisions\/22071"}],"wp:featuredmedia":[{"embeddable":true,"href":"https:\/\/artkuechen.com\/index.php\/wp-json\/wp\/v2\/media\/18519"}],"wp:attachment":[{"href":"https:\/\/artkuechen.com\/index.php\/wp-json\/wp\/v2\/media?parent=17566"}],"curies":[{"name":"wp","href":"https:\/\/api.w.org\/{rel}","templated":true}]}}