{"id":16905,"date":"2023-09-22T11:44:27","date_gmt":"2023-09-22T11:44:27","guid":{"rendered":"https:\/\/artkuechen.com\/?page_id=16905"},"modified":"2026-03-25T22:05:56","modified_gmt":"2026-03-25T22:05:56","slug":"galerie-grifflose-kuechen","status":"publish","type":"page","link":"https:\/\/artkuechen.com\/index.php\/galerie-grifflose-kuechen\/","title":{"rendered":"Galerie: Grifflose K\u00fcchen"},"content":{"rendered":"\t\t<div data-elementor-type=\"wp-page\" data-elementor-id=\"16905\" class=\"elementor elementor-16905\">\n\t\t\t\t\t\t<section class=\"elementor-section elementor-top-section elementor-element elementor-element-5fce57a elementor-section-boxed elementor-section-height-default elementor-section-height-default\" data-id=\"5fce57a\" data-element_type=\"section\" data-e-type=\"section\">\n\t\t\t\t\t\t<div class=\"elementor-container elementor-column-gap-default\">\n\t\t\t\t\t<div class=\"elementor-column elementor-col-100 elementor-top-column elementor-element elementor-element-e9d8be6\" data-id=\"e9d8be6\" data-element_type=\"column\" data-e-type=\"column\">\n\t\t\t<div class=\"elementor-widget-wrap elementor-element-populated\">\n\t\t\t\t\t\t<div class=\"elementor-element elementor-element-4720bcb elementor-icon-left elementor-widget elementor-widget-kitchor-heading\" data-id=\"4720bcb\" data-element_type=\"widget\" data-e-type=\"widget\" data-widget_type=\"kitchor-heading.default\">\n\t\t\t\t<div class=\"elementor-widget-container\">\n\t\t\t\t\t<h4 class=\"elementor-heading-title elementor-size-default\"><span>Willkommen bei ArtK\u00fcchen!<\/span><\/h4>\t\t\t\t<\/div>\n\t\t\t\t<\/div>\n\t\t\t\t\t<\/div>\n\t\t<\/div>\n\t\t\t\t\t<\/div>\n\t\t<\/section>\n\t\t\t\t<section class=\"elementor-section elementor-top-section elementor-element elementor-element-7ca1988 elementor-section-boxed elementor-section-height-default elementor-section-height-default\" data-id=\"7ca1988\" data-element_type=\"section\" data-e-type=\"section\">\n\t\t\t\t\t\t<div class=\"elementor-container elementor-column-gap-default\">\n\t\t\t\t\t<div class=\"elementor-column elementor-col-100 elementor-top-column elementor-element elementor-element-2162be2\" data-id=\"2162be2\" data-element_type=\"column\" data-e-type=\"column\">\n\t\t\t<div class=\"elementor-widget-wrap elementor-element-populated\">\n\t\t\t\t\t\t<div class=\"elementor-element elementor-element-5410934 elementor-widget elementor-widget-spacer\" data-id=\"5410934\" data-element_type=\"widget\" data-e-type=\"widget\" data-widget_type=\"spacer.default\">\n\t\t\t\t<div class=\"elementor-widget-container\">\n\t\t\t\t\t\t\t<div class=\"elementor-spacer\">\n\t\t\t<div class=\"elementor-spacer-inner\"><\/div>\n\t\t<\/div>\n\t\t\t\t\t\t<\/div>\n\t\t\t\t<\/div>\n\t\t\t\t\t<\/div>\n\t\t<\/div>\n\t\t\t\t\t<\/div>\n\t\t<\/section>\n\t\t\t\t<section class=\"elementor-section elementor-top-section elementor-element elementor-element-0beb9f2 elementor-section-boxed elementor-section-height-default elementor-section-height-default\" data-id=\"0beb9f2\" data-element_type=\"section\" data-e-type=\"section\">\n\t\t\t\t\t\t<div class=\"elementor-container elementor-column-gap-default\">\n\t\t\t\t\t<div class=\"elementor-column elementor-col-100 elementor-top-column elementor-element elementor-element-457026c\" data-id=\"457026c\" data-element_type=\"column\" data-e-type=\"column\">\n\t\t\t<div class=\"elementor-widget-wrap elementor-element-populated\">\n\t\t\t\t\t\t<section class=\"elementor-section elementor-inner-section elementor-element elementor-element-b78dc57 elementor-section-boxed elementor-section-height-default elementor-section-height-default\" data-id=\"b78dc57\" data-element_type=\"section\" data-e-type=\"section\">\n\t\t\t\t\t\t<div class=\"elementor-container elementor-column-gap-default\">\n\t\t\t\t\t<div class=\"elementor-column elementor-col-100 elementor-inner-column elementor-element elementor-element-0e65d05\" data-id=\"0e65d05\" data-element_type=\"column\" data-e-type=\"column\">\n\t\t\t<div class=\"elementor-widget-wrap elementor-element-populated\">\n\t\t\t\t\t\t<div class=\"elementor-element elementor-element-fcc115e elementor-widget__width-initial elementor-widget elementor-widget-text-editor\" data-id=\"fcc115e\" data-element_type=\"widget\" data-e-type=\"widget\" data-widget_type=\"text-editor.default\">\n\t\t\t\t<div class=\"elementor-widget-container\">\n\t\t\t\t\t\t\t\t\t<p><span class=\"mwai-text CWHqlUDu9z_VhM1iNYox\">Tauchen Sie ein in die Welt zeitgem\u00e4\u00dfer K\u00fcchengestaltung und entdecken Sie in unserem Salon f\u00fcr moderne <strong>Grifflose K\u00fcchen<\/strong> unsere beeindruckende Auswahl an modernen K\u00fcchen ohne Griffe.<\/span><\/p><div class=\"mwai-copy-button s6pfLhxkG5kdsInHIBwB\">\u00a0<\/div>\t\t\t\t\t\t\t\t<\/div>\n\t\t\t\t<\/div>\n\t\t\t\t\t<\/div>\n\t\t<\/div>\n\t\t\t\t\t<\/div>\n\t\t<\/section>\n\t\t\t\t\t<\/div>\n\t\t<\/div>\n\t\t\t\t\t<\/div>\n\t\t<\/section>\n\t\t\t\t<section class=\"elementor-section elementor-top-section elementor-element elementor-element-48713a5 elementor-section-boxed elementor-section-height-default elementor-section-height-default\" data-id=\"48713a5\" data-element_type=\"section\" data-e-type=\"section\">\n\t\t\t\t\t\t<div class=\"elementor-container elementor-column-gap-default\">\n\t\t\t\t\t<div class=\"elementor-column elementor-col-100 elementor-top-column elementor-element elementor-element-26dead1\" data-id=\"26dead1\" data-element_type=\"column\" data-e-type=\"column\">\n\t\t\t<div class=\"elementor-widget-wrap elementor-element-populated\">\n\t\t\t\t\t\t<div class=\"elementor-element elementor-element-0d18c58 animated-slow elementor-invisible elementor-widget elementor-widget-kitchor-image-masonry\" data-id=\"0d18c58\" data-element_type=\"widget\" data-e-type=\"widget\" data-settings=\"{&quot;_animation&quot;:&quot;opal-move-up&quot;}\" data-widget_type=\"kitchor-image-masonry.default\">\n\t\t\t\t<div class=\"elementor-widget-container\">\n\t\t\t\t\t        <div class=\"image-grid-wrapper\">\n            <div class=\"grid-wrapper\">\n                                    <div class=\"tall\">\n                        <a data-elementor-open-lightbox=\"yes\" data-elementor-lightbox-slideshow=\"0d18c58\"                           href=\"https:\/\/artkuechen.com\/wp-content\/uploads\/2022\/06\/20230719151107_IMG_4681.jpg\">\n                            <img decoding=\"async\" src=\"https:\/\/artkuechen.com\/wp-content\/uploads\/2022\/06\/20230719151107_IMG_4681-768x1152.jpg\">\n                        <\/a>\n                    <\/div>\n                                    <div class=\"big\">\n                        <a data-elementor-open-lightbox=\"yes\" data-elementor-lightbox-slideshow=\"0d18c58\"                           href=\"https:\/\/artkuechen.com\/wp-content\/uploads\/2022\/06\/20230719180332_IMG_4730.jpg\">\n                            <img decoding=\"async\" src=\"https:\/\/artkuechen.com\/wp-content\/uploads\/2022\/06\/20230719180332_IMG_4730-768x512.jpg\">\n                        <\/a>\n                    <\/div>\n                                    <div class=\"\">\n                        <a data-elementor-open-lightbox=\"yes\" data-elementor-lightbox-slideshow=\"0d18c58\"                           href=\"https:\/\/artkuechen.com\/wp-content\/uploads\/2022\/06\/20230719181254_IMG_4740.jpg\">\n                            <img decoding=\"async\" src=\"https:\/\/artkuechen.com\/wp-content\/uploads\/2022\/06\/20230719181254_IMG_4740-768x512.jpg\">\n                        <\/a>\n                    <\/div>\n                                    <div class=\"\">\n                        <a data-elementor-open-lightbox=\"yes\" data-elementor-lightbox-slideshow=\"0d18c58\"                           href=\"https:\/\/artkuechen.com\/wp-content\/uploads\/2022\/06\/20230719151036_IMG_4679.jpg\">\n                            <img decoding=\"async\" src=\"https:\/\/artkuechen.com\/wp-content\/uploads\/2022\/06\/20230719151036_IMG_4679-768x512.jpg\">\n                        <\/a>\n                    <\/div>\n                                    <div class=\"big\">\n                        <a data-elementor-open-lightbox=\"yes\" data-elementor-lightbox-slideshow=\"0d18c58\"                           href=\"https:\/\/artkuechen.com\/wp-content\/uploads\/2022\/06\/20230719182256_IMG_4748.jpg\">\n                            <img decoding=\"async\" src=\"https:\/\/artkuechen.com\/wp-content\/uploads\/2022\/06\/20230719182256_IMG_4748-768x512.jpg\">\n                        <\/a>\n                    <\/div>\n                                    <div class=\"\">\n                        <a data-elementor-open-lightbox=\"yes\" data-elementor-lightbox-slideshow=\"0d18c58\"                           href=\"https:\/\/artkuechen.com\/wp-content\/uploads\/2022\/06\/20230719181045_IMG_4738.jpg\">\n                            <img decoding=\"async\" src=\"https:\/\/artkuechen.com\/wp-content\/uploads\/2022\/06\/20230719181045_IMG_4738-768x512.jpg\">\n                        <\/a>\n                    <\/div>\n                                    <div class=\"tall\">\n                        <a data-elementor-open-lightbox=\"yes\" data-elementor-lightbox-slideshow=\"0d18c58\"                           href=\"https:\/\/artkuechen.com\/wp-content\/uploads\/2022\/06\/20230719180640_IMG_4735.jpg\">\n                            <img decoding=\"async\" src=\"https:\/\/artkuechen.com\/wp-content\/uploads\/2022\/06\/20230719180640_IMG_4735-768x512.jpg\">\n                        <\/a>\n                    <\/div>\n                            <\/div>\n\n        <\/div>\n        \t\t\t\t<\/div>\n\t\t\t\t<\/div>\n\t\t\t\t\t<\/div>\n\t\t<\/div>\n\t\t\t\t\t<\/div>\n\t\t<\/section>\n\t\t\t\t<section class=\"elementor-section elementor-top-section elementor-element elementor-element-e6b032d elementor-section-boxed elementor-section-height-default elementor-section-height-default\" data-id=\"e6b032d\" data-element_type=\"section\" data-e-type=\"section\">\n\t\t\t\t\t\t<div class=\"elementor-container elementor-column-gap-default\">\n\t\t\t\t\t<div class=\"elementor-column elementor-col-50 elementor-top-column elementor-element elementor-element-f625943\" data-id=\"f625943\" data-element_type=\"column\" data-e-type=\"column\">\n\t\t\t<div class=\"elementor-widget-wrap elementor-element-populated\">\n\t\t\t\t\t\t<div class=\"elementor-element elementor-element-54c8f70 elementor-widget elementor-widget-button\" data-id=\"54c8f70\" data-element_type=\"widget\" data-e-type=\"widget\" data-widget_type=\"button.default\">\n\t\t\t\t<div class=\"elementor-widget-container\">\n\t\t\t\t\t\t\t\t\t<div class=\"elementor-button-wrapper\">\n\t\t\t\t\t<a class=\"elementor-button elementor-button-link elementor-size-sm\" href=\"https:\/\/artkuechen.com\/index.php\/galerie-landhaus-kuche\/\">\n\t\t\t\t\t\t<span class=\"elementor-button-content-wrapper\">\n\t\t\t\t\t\t<span class=\"elementor-button-icon\">\n\t\t\t\t<i aria-hidden=\"true\" class=\"fas fa-angle-left\"><\/i>\t\t\t<\/span>\n\t\t\t\t\t\t\t\t\t<span class=\"elementor-button-text\">GALERIE: LANDHAUSK\u00dcCHEN<\/span>\n\t\t\t\t\t<\/span>\n\t\t\t\t\t<\/a>\n\t\t\t\t<\/div>\n\t\t\t\t\t\t\t\t<\/div>\n\t\t\t\t<\/div>\n\t\t\t\t\t<\/div>\n\t\t<\/div>\n\t\t\t\t<div class=\"elementor-column elementor-col-50 elementor-top-column elementor-element elementor-element-005116d\" data-id=\"005116d\" data-element_type=\"column\" data-e-type=\"column\">\n\t\t\t<div class=\"elementor-widget-wrap elementor-element-populated\">\n\t\t\t\t\t\t<div class=\"elementor-element elementor-element-689dcaf elementor-align-right elementor-widget elementor-widget-button\" data-id=\"689dcaf\" data-element_type=\"widget\" data-e-type=\"widget\" data-widget_type=\"button.default\">\n\t\t\t\t<div class=\"elementor-widget-container\">\n\t\t\t\t\t\t\t\t\t<div class=\"elementor-button-wrapper\">\n\t\t\t\t\t<a class=\"elementor-button elementor-button-link elementor-size-sm\" href=\"https:\/\/artkuechen.com\/index.php\/galerie-elegant-kuchen\/\">\n\t\t\t\t\t\t<span class=\"elementor-button-content-wrapper\">\n\t\t\t\t\t\t<span class=\"elementor-button-icon\">\n\t\t\t\t<i aria-hidden=\"true\" class=\"fas fa-angle-right\"><\/i>\t\t\t<\/span>\n\t\t\t\t\t\t\t\t\t<span class=\"elementor-button-text\">GALERIE: ELEGANTE K\u00dcCHEN<\/span>\n\t\t\t\t\t<\/span>\n\t\t\t\t\t<\/a>\n\t\t\t\t<\/div>\n\t\t\t\t\t\t\t\t<\/div>\n\t\t\t\t<\/div>\n\t\t\t\t\t<\/div>\n\t\t<\/div>\n\t\t\t\t\t<\/div>\n\t\t<\/section>\n\t\t\t\t<section class=\"elementor-section elementor-top-section elementor-element elementor-element-ae30bbe elementor-section-boxed elementor-section-height-default elementor-section-height-default\" data-id=\"ae30bbe\" data-element_type=\"section\" data-e-type=\"section\">\n\t\t\t\t\t\t<div class=\"elementor-container elementor-column-gap-default\">\n\t\t\t\t\t<div class=\"elementor-column elementor-col-100 elementor-top-column elementor-element elementor-element-898eb98\" data-id=\"898eb98\" data-element_type=\"column\" data-e-type=\"column\">\n\t\t\t<div class=\"elementor-widget-wrap\">\n\t\t\t\t\t\t\t<\/div>\n\t\t<\/div>\n\t\t\t\t\t<\/div>\n\t\t<\/section>\n\t\t\t\t<section class=\"elementor-section elementor-top-section elementor-element elementor-element-6c89bd1 elementor-section-boxed elementor-section-height-default elementor-section-height-default\" data-id=\"6c89bd1\" data-element_type=\"section\" data-e-type=\"section\">\n\t\t\t\t\t\t<div class=\"elementor-container elementor-column-gap-default\">\n\t\t\t\t\t<div class=\"elementor-column elementor-col-100 elementor-top-column elementor-element elementor-element-4827b8f\" data-id=\"4827b8f\" data-element_type=\"column\" data-e-type=\"column\">\n\t\t\t<div class=\"elementor-widget-wrap elementor-element-populated\">\n\t\t\t\t\t\t<div class=\"elementor-element elementor-element-6859be0 elementor-widget elementor-widget-spacer\" data-id=\"6859be0\" data-element_type=\"widget\" data-e-type=\"widget\" data-widget_type=\"spacer.default\">\n\t\t\t\t<div class=\"elementor-widget-container\">\n\t\t\t\t\t\t\t<div class=\"elementor-spacer\">\n\t\t\t<div class=\"elementor-spacer-inner\"><\/div>\n\t\t<\/div>\n\t\t\t\t\t\t<\/div>\n\t\t\t\t<\/div>\n\t\t\t\t\t<\/div>\n\t\t<\/div>\n\t\t\t\t\t<\/div>\n\t\t<\/section>\n\t\t\t\t<\/div>\n\t\t","protected":false},"excerpt":{"rendered":"<p>Willkommen bei ArtK\u00fcchen! Tauchen Sie ein in die Welt zeitgem\u00e4\u00dfer K\u00fcchengestaltung und entdecken Sie in unserem Salon f\u00fcr moderne Grifflose K\u00fcchen unsere beeindruckende Auswahl an modernen K\u00fcchen ohne Griffe. \u00a0 GALERIE: LANDHAUSK\u00dcCHEN GALERIE: ELEGANTE K\u00dcCHEN<\/p>\n","protected":false},"author":1,"featured_media":0,"parent":0,"menu_order":0,"comment_status":"closed","ping_status":"closed","template":"","meta":{"inline_featured_image":false,"footnotes":""},"class_list":["post-16905","page","type-page","status-publish","hentry"],"aioseo_notices":[],"jetpack_sharing_enabled":true,"_links":{"self":[{"href":"https:\/\/artkuechen.com\/index.php\/wp-json\/wp\/v2\/pages\/16905","targetHints":{"allow":["GET"]}}],"collection":[{"href":"https:\/\/artkuechen.com\/index.php\/wp-json\/wp\/v2\/pages"}],"about":[{"href":"https:\/\/artkuechen.com\/index.php\/wp-json\/wp\/v2\/types\/page"}],"author":[{"embeddable":true,"href":"https:\/\/artkuechen.com\/index.php\/wp-json\/wp\/v2\/users\/1"}],"replies":[{"embeddable":true,"href":"https:\/\/artkuechen.com\/index.php\/wp-json\/wp\/v2\/comments?post=16905"}],"version-history":[{"count":93,"href":"https:\/\/artkuechen.com\/index.php\/wp-json\/wp\/v2\/pages\/16905\/revisions"}],"predecessor-version":[{"id":22281,"href":"https:\/\/artkuechen.com\/index.php\/wp-json\/wp\/v2\/pages\/16905\/revisions\/22281"}],"wp:attachment":[{"href":"https:\/\/artkuechen.com\/index.php\/wp-json\/wp\/v2\/media?parent=16905"}],"curies":[{"name":"wp","href":"https:\/\/api.w.org\/{rel}","templated":true}]}}