{"id":16811,"date":"2023-09-21T15:25:42","date_gmt":"2023-09-21T15:25:42","guid":{"rendered":"https:\/\/artkuechen.com\/?page_id=16811"},"modified":"2024-11-13T17:00:36","modified_gmt":"2024-11-13T17:00:36","slug":"galerie-moderne-kuechen","status":"publish","type":"page","link":"https:\/\/artkuechen.com\/index.php\/galerie-moderne-kuechen\/","title":{"rendered":"Galerie: Moderne k\u00fcchen"},"content":{"rendered":"\t\t<div data-elementor-type=\"wp-page\" data-elementor-id=\"16811\" class=\"elementor elementor-16811\">\n\t\t\t\t\t\t<section class=\"elementor-section elementor-top-section elementor-element elementor-element-7ce3a6d elementor-section-boxed elementor-section-height-default elementor-section-height-default\" data-id=\"7ce3a6d\" data-element_type=\"section\" data-e-type=\"section\">\n\t\t\t\t\t\t<div class=\"elementor-container elementor-column-gap-default\">\n\t\t\t\t\t<div class=\"elementor-column elementor-col-100 elementor-top-column elementor-element elementor-element-54bf9a6\" data-id=\"54bf9a6\" data-element_type=\"column\" data-e-type=\"column\">\n\t\t\t<div class=\"elementor-widget-wrap elementor-element-populated\">\n\t\t\t\t\t\t<div class=\"elementor-element elementor-element-60dbc6c elementor-icon-left elementor-widget elementor-widget-kitchor-heading\" data-id=\"60dbc6c\" data-element_type=\"widget\" data-e-type=\"widget\" data-widget_type=\"kitchor-heading.default\">\n\t\t\t\t<div class=\"elementor-widget-container\">\n\t\t\t\t\t<h4 class=\"elementor-heading-title elementor-size-default\"><span>Willkommen bei ArtK\u00fcchen!<\/span><\/h4>\t\t\t\t<\/div>\n\t\t\t\t<\/div>\n\t\t\t\t\t<\/div>\n\t\t<\/div>\n\t\t\t\t\t<\/div>\n\t\t<\/section>\n\t\t\t\t<section class=\"elementor-section elementor-top-section elementor-element elementor-element-68159dd elementor-section-boxed elementor-section-height-default elementor-section-height-default\" data-id=\"68159dd\" data-element_type=\"section\" data-e-type=\"section\">\n\t\t\t\t\t\t<div class=\"elementor-container elementor-column-gap-default\">\n\t\t\t\t\t<div class=\"elementor-column elementor-col-100 elementor-top-column elementor-element elementor-element-f8d91ab\" data-id=\"f8d91ab\" data-element_type=\"column\" data-e-type=\"column\">\n\t\t\t<div class=\"elementor-widget-wrap elementor-element-populated\">\n\t\t\t\t\t\t<div class=\"elementor-element elementor-element-752fcc0 elementor-widget elementor-widget-text-editor\" data-id=\"752fcc0\" data-element_type=\"widget\" data-e-type=\"widget\" data-widget_type=\"text-editor.default\">\n\t\t\t\t<div class=\"elementor-widget-container\">\n\t\t\t\t\t\t\t\t\t<p>Schauen Sie sich unsere Galerie mit modernen K\u00fcchen im ArtK\u00fcchen K\u00fcchensalon an.<\/p>\t\t\t\t\t\t\t\t<\/div>\n\t\t\t\t<\/div>\n\t\t\t\t\t<\/div>\n\t\t<\/div>\n\t\t\t\t\t<\/div>\n\t\t<\/section>\n\t\t\t\t<section class=\"elementor-section elementor-top-section elementor-element elementor-element-5a02379 elementor-section-boxed elementor-section-height-default elementor-section-height-default\" data-id=\"5a02379\" data-element_type=\"section\" data-e-type=\"section\">\n\t\t\t\t\t\t<div class=\"elementor-container elementor-column-gap-default\">\n\t\t\t\t\t<div class=\"elementor-column elementor-col-100 elementor-top-column elementor-element elementor-element-0fcc8b7\" data-id=\"0fcc8b7\" data-element_type=\"column\" data-e-type=\"column\">\n\t\t\t<div class=\"elementor-widget-wrap elementor-element-populated\">\n\t\t\t\t\t\t<div class=\"elementor-element elementor-element-4aa00ca elementor-invisible elementor-widget elementor-widget-kitchor-image-masonry\" data-id=\"4aa00ca\" data-element_type=\"widget\" data-e-type=\"widget\" data-settings=\"{&quot;_animation&quot;:&quot;fadeIn&quot;}\" data-widget_type=\"kitchor-image-masonry.default\">\n\t\t\t\t<div class=\"elementor-widget-container\">\n\t\t\t\t\t        <div class=\"image-grid-wrapper\">\n            <div class=\"grid-wrapper\">\n                                    <div class=\"\">\n                        <a data-elementor-open-lightbox=\"yes\" data-elementor-lightbox-slideshow=\"4aa00ca\"                           href=\"https:\/\/artkuechen.com\/wp-content\/uploads\/2023\/09\/20230719151903_IMG_4706-1.jpg\">\n                            <img decoding=\"async\" src=\"https:\/\/artkuechen.com\/wp-content\/uploads\/2023\/09\/20230719151903_IMG_4706-1-768x512.jpg\">\n                        <\/a>\n                    <\/div>\n                                    <div class=\"\">\n                        <a data-elementor-open-lightbox=\"yes\" data-elementor-lightbox-slideshow=\"4aa00ca\"                           href=\"https:\/\/artkuechen.com\/wp-content\/uploads\/2023\/09\/20230719151837_IMG_4701-1-1.jpg\">\n                            <img decoding=\"async\" src=\"https:\/\/artkuechen.com\/wp-content\/uploads\/2023\/09\/20230719151837_IMG_4701-1-1-768x512.jpg\">\n                        <\/a>\n                    <\/div>\n                                    <div class=\"tall\">\n                        <a data-elementor-open-lightbox=\"yes\" data-elementor-lightbox-slideshow=\"4aa00ca\"                           href=\"https:\/\/artkuechen.com\/wp-content\/uploads\/2023\/09\/20230506114832_IMG_4247-2.jpg\">\n                            <img decoding=\"async\" src=\"https:\/\/artkuechen.com\/wp-content\/uploads\/2023\/09\/20230506114832_IMG_4247-2-768x1152.jpg\">\n                        <\/a>\n                    <\/div>\n                                    <div class=\"big\">\n                        <a data-elementor-open-lightbox=\"yes\" data-elementor-lightbox-slideshow=\"4aa00ca\"                           href=\"https:\/\/artkuechen.com\/wp-content\/uploads\/2023\/09\/20230719184147_IMG_4766-1.jpg\">\n                            <img decoding=\"async\" src=\"https:\/\/artkuechen.com\/wp-content\/uploads\/2023\/09\/20230719184147_IMG_4766-1-768x512.jpg\">\n                        <\/a>\n                    <\/div>\n                                    <div class=\"\">\n                        <a data-elementor-open-lightbox=\"yes\" data-elementor-lightbox-slideshow=\"4aa00ca\"                           href=\"https:\/\/artkuechen.com\/wp-content\/uploads\/2023\/09\/20230719184351_IMG_4769-2.jpg\">\n                            <img decoding=\"async\" src=\"https:\/\/artkuechen.com\/wp-content\/uploads\/2023\/09\/20230719184351_IMG_4769-2-768x512.jpg\">\n                        <\/a>\n                    <\/div>\n                                    <div class=\"\">\n                        <a data-elementor-open-lightbox=\"yes\" data-elementor-lightbox-slideshow=\"4aa00ca\"                           href=\"https:\/\/artkuechen.com\/wp-content\/uploads\/2023\/09\/20230719184236_IMG_4767-2.jpg\">\n                            <img decoding=\"async\" src=\"https:\/\/artkuechen.com\/wp-content\/uploads\/2023\/09\/20230719184236_IMG_4767-2-768x512.jpg\">\n                        <\/a>\n                    <\/div>\n                                    <div class=\"\">\n                        <a data-elementor-open-lightbox=\"yes\" data-elementor-lightbox-slideshow=\"4aa00ca\"                           href=\"https:\/\/artkuechen.com\/wp-content\/uploads\/2023\/09\/20230719213601_IMG_4819-2.jpg\">\n                            <img decoding=\"async\" src=\"https:\/\/artkuechen.com\/wp-content\/uploads\/2023\/09\/20230719213601_IMG_4819-2-768x512.jpg\">\n                        <\/a>\n                    <\/div>\n                                    <div class=\"\">\n                        <a data-elementor-open-lightbox=\"yes\" data-elementor-lightbox-slideshow=\"4aa00ca\"                           href=\"https:\/\/artkuechen.com\/wp-content\/uploads\/2023\/09\/20230719213615_IMG_4821-2.jpg\">\n                            <img decoding=\"async\" src=\"https:\/\/artkuechen.com\/wp-content\/uploads\/2023\/09\/20230719213615_IMG_4821-2-768x512.jpg\">\n                        <\/a>\n                    <\/div>\n                            <\/div>\n\n        <\/div>\n        \t\t\t\t<\/div>\n\t\t\t\t<\/div>\n\t\t\t\t\t<\/div>\n\t\t<\/div>\n\t\t\t\t\t<\/div>\n\t\t<\/section>\n\t\t\t\t<section class=\"elementor-section elementor-top-section elementor-element elementor-element-683b001 elementor-section-boxed elementor-section-height-default elementor-section-height-default\" data-id=\"683b001\" data-element_type=\"section\" data-e-type=\"section\">\n\t\t\t\t\t\t<div class=\"elementor-container elementor-column-gap-default\">\n\t\t\t\t\t<div class=\"elementor-column elementor-col-100 elementor-top-column elementor-element elementor-element-209c180\" data-id=\"209c180\" data-element_type=\"column\" data-e-type=\"column\">\n\t\t\t<div class=\"elementor-widget-wrap elementor-element-populated\">\n\t\t\t\t\t\t<div class=\"elementor-element elementor-element-4e2808b elementor-align-right elementor-widget elementor-widget-button\" data-id=\"4e2808b\" data-element_type=\"widget\" data-e-type=\"widget\" data-widget_type=\"button.default\">\n\t\t\t\t<div class=\"elementor-widget-container\">\n\t\t\t\t\t\t\t\t\t<div class=\"elementor-button-wrapper\">\n\t\t\t\t\t<a class=\"elementor-button elementor-button-link elementor-size-sm\" href=\"https:\/\/artkuechen.com\/index.php\/galerie-landhaus-kuche\/\">\n\t\t\t\t\t\t<span class=\"elementor-button-content-wrapper\">\n\t\t\t\t\t\t<span class=\"elementor-button-icon\">\n\t\t\t\t<i aria-hidden=\"true\" class=\"fas fa-angle-right\"><\/i>\t\t\t<\/span>\n\t\t\t\t\t\t\t\t\t<span class=\"elementor-button-text\">Galerie: Landhausk\u00fcchen<\/span>\n\t\t\t\t\t<\/span>\n\t\t\t\t\t<\/a>\n\t\t\t\t<\/div>\n\t\t\t\t\t\t\t\t<\/div>\n\t\t\t\t<\/div>\n\t\t\t\t\t<\/div>\n\t\t<\/div>\n\t\t\t\t\t<\/div>\n\t\t<\/section>\n\t\t\t\t<section class=\"elementor-section elementor-top-section elementor-element elementor-element-1d42092 elementor-section-boxed elementor-section-height-default elementor-section-height-default\" data-id=\"1d42092\" data-element_type=\"section\" data-e-type=\"section\">\n\t\t\t\t\t\t<div class=\"elementor-container elementor-column-gap-default\">\n\t\t\t\t\t<div class=\"elementor-column elementor-col-100 elementor-top-column elementor-element elementor-element-ae749cd\" data-id=\"ae749cd\" data-element_type=\"column\" data-e-type=\"column\">\n\t\t\t<div class=\"elementor-widget-wrap elementor-element-populated\">\n\t\t\t\t\t\t<div class=\"elementor-element elementor-element-8111f22 elementor-widget elementor-widget-spacer\" data-id=\"8111f22\" data-element_type=\"widget\" data-e-type=\"widget\" data-widget_type=\"spacer.default\">\n\t\t\t\t<div class=\"elementor-widget-container\">\n\t\t\t\t\t\t\t<div class=\"elementor-spacer\">\n\t\t\t<div class=\"elementor-spacer-inner\"><\/div>\n\t\t<\/div>\n\t\t\t\t\t\t<\/div>\n\t\t\t\t<\/div>\n\t\t\t\t\t<\/div>\n\t\t<\/div>\n\t\t\t\t\t<\/div>\n\t\t<\/section>\n\t\t\t\t<\/div>\n\t\t","protected":false},"excerpt":{"rendered":"<p>Willkommen bei ArtK\u00fcchen! Schauen Sie sich unsere Galerie mit modernen K\u00fcchen im ArtK\u00fcchen K\u00fcchensalon an. Galerie: Landhausk\u00fcchen<\/p>\n","protected":false},"author":1,"featured_media":0,"parent":0,"menu_order":0,"comment_status":"closed","ping_status":"closed","template":"","meta":{"inline_featured_image":false,"footnotes":""},"class_list":["post-16811","page","type-page","status-publish","hentry"],"aioseo_notices":[],"jetpack_sharing_enabled":true,"_links":{"self":[{"href":"https:\/\/artkuechen.com\/index.php\/wp-json\/wp\/v2\/pages\/16811","targetHints":{"allow":["GET"]}}],"collection":[{"href":"https:\/\/artkuechen.com\/index.php\/wp-json\/wp\/v2\/pages"}],"about":[{"href":"https:\/\/artkuechen.com\/index.php\/wp-json\/wp\/v2\/types\/page"}],"author":[{"embeddable":true,"href":"https:\/\/artkuechen.com\/index.php\/wp-json\/wp\/v2\/users\/1"}],"replies":[{"embeddable":true,"href":"https:\/\/artkuechen.com\/index.php\/wp-json\/wp\/v2\/comments?post=16811"}],"version-history":[{"count":86,"href":"https:\/\/artkuechen.com\/index.php\/wp-json\/wp\/v2\/pages\/16811\/revisions"}],"predecessor-version":[{"id":22079,"href":"https:\/\/artkuechen.com\/index.php\/wp-json\/wp\/v2\/pages\/16811\/revisions\/22079"}],"wp:attachment":[{"href":"https:\/\/artkuechen.com\/index.php\/wp-json\/wp\/v2\/media?parent=16811"}],"curies":[{"name":"wp","href":"https:\/\/api.w.org\/{rel}","templated":true}]}}