{"id":16688,"date":"2023-09-21T09:29:45","date_gmt":"2023-09-21T09:29:45","guid":{"rendered":"https:\/\/artkuechen.com\/?page_id=16688"},"modified":"2024-11-13T17:06:49","modified_gmt":"2024-11-13T17:06:49","slug":"moderne-kuechen","status":"publish","type":"page","link":"https:\/\/artkuechen.com\/index.php\/moderne-kuechen\/","title":{"rendered":"Moderne K\u00fcchen"},"content":{"rendered":"\t\t<div data-elementor-type=\"wp-page\" data-elementor-id=\"16688\" class=\"elementor elementor-16688\">\n\t\t\t\t\t\t<section class=\"elementor-section elementor-top-section elementor-element elementor-element-ebdb42c elementor-section-boxed elementor-section-height-default elementor-section-height-default\" data-id=\"ebdb42c\" data-element_type=\"section\" data-e-type=\"section\">\n\t\t\t\t\t\t<div class=\"elementor-container elementor-column-gap-default\">\n\t\t\t\t\t<div class=\"elementor-column elementor-col-100 elementor-top-column elementor-element elementor-element-e4746ea\" data-id=\"e4746ea\" data-element_type=\"column\" data-e-type=\"column\">\n\t\t\t<div class=\"elementor-widget-wrap elementor-element-populated\">\n\t\t\t\t\t\t<div class=\"elementor-element elementor-element-6e9629b elementor-widget elementor-widget-heading\" data-id=\"6e9629b\" data-element_type=\"widget\" data-e-type=\"widget\" data-widget_type=\"heading.default\">\n\t\t\t\t<div class=\"elementor-widget-container\">\n\t\t\t\t\t<h4 class=\"elementor-heading-title elementor-size-default\">MODERNE K\u00dcCHEN<\/h4>\t\t\t\t<\/div>\n\t\t\t\t<\/div>\n\t\t\t\t\t<\/div>\n\t\t<\/div>\n\t\t\t\t\t<\/div>\n\t\t<\/section>\n\t\t\t\t<section class=\"elementor-section elementor-top-section elementor-element elementor-element-bc70e31 elementor-section-boxed elementor-section-height-default elementor-section-height-default\" data-id=\"bc70e31\" data-element_type=\"section\" data-e-type=\"section\">\n\t\t\t\t\t\t<div class=\"elementor-container elementor-column-gap-default\">\n\t\t\t\t\t<div class=\"elementor-column elementor-col-100 elementor-top-column elementor-element elementor-element-667ff93\" data-id=\"667ff93\" data-element_type=\"column\" data-e-type=\"column\">\n\t\t\t<div class=\"elementor-widget-wrap elementor-element-populated\">\n\t\t\t\t\t\t<div class=\"elementor-element elementor-element-a1e952e elementor-widget elementor-widget-text-editor\" data-id=\"a1e952e\" data-element_type=\"widget\" data-e-type=\"widget\" data-widget_type=\"text-editor.default\">\n\t\t\t\t<div class=\"elementor-widget-container\">\n\t\t\t\t\t\t\t\t\t<p>Entdecken Sie unsere <strong>modernen K\u00fcchen<\/strong>, die Innovation, Funktionalit\u00e4t und Sch\u00f6nheit vereinen. Unsere modernen K\u00fcchendesigns sind gepr\u00e4gt von klaren Linien, minimalistischem Stil und hochwertigen Materialien. Bei ArtK\u00fcchen legen wir gro\u00dfen Wert auf die Verwendung innovativer Technologien und intelligenter L\u00f6sungen, um Ihnen eine optimale Nutzung Ihrer K\u00fcche zu erm\u00f6glichen.\u00a0<\/p>\t\t\t\t\t\t\t\t<\/div>\n\t\t\t\t<\/div>\n\t\t\t\t\t<\/div>\n\t\t<\/div>\n\t\t\t\t\t<\/div>\n\t\t<\/section>\n\t\t\t\t<section class=\"elementor-section elementor-top-section elementor-element elementor-element-2cb2259 elementor-section-boxed elementor-section-height-default elementor-section-height-default\" data-id=\"2cb2259\" data-element_type=\"section\" data-e-type=\"section\">\n\t\t\t\t\t\t<div class=\"elementor-container elementor-column-gap-default\">\n\t\t\t\t\t<div class=\"elementor-column elementor-col-100 elementor-top-column elementor-element elementor-element-4280ed0\" data-id=\"4280ed0\" data-element_type=\"column\" data-e-type=\"column\">\n\t\t\t<div class=\"elementor-widget-wrap elementor-element-populated\">\n\t\t\t\t\t\t<div class=\"elementor-element elementor-element-f6f73a7 animated-slow elementor-invisible elementor-widget elementor-widget-kitchor-image-masonry\" data-id=\"f6f73a7\" data-element_type=\"widget\" data-e-type=\"widget\" data-settings=\"{&quot;_animation&quot;:&quot;fadeIn&quot;}\" data-widget_type=\"kitchor-image-masonry.default\">\n\t\t\t\t<div class=\"elementor-widget-container\">\n\t\t\t\t\t        <div class=\"image-grid-wrapper\">\n            <div class=\"grid-wrapper\">\n                                    <div class=\"\">\n                        <a data-elementor-open-lightbox=\"yes\" data-elementor-lightbox-slideshow=\"f6f73a7\"                           href=\"https:\/\/artkuechen.com\/wp-content\/uploads\/2023\/09\/2-1.png\">\n                            <img decoding=\"async\" src=\"https:\/\/artkuechen.com\/wp-content\/uploads\/2023\/09\/2-1-1024x726.png\">\n                        <\/a>\n                    <\/div>\n                                    <div class=\"\">\n                        <a data-elementor-open-lightbox=\"yes\" data-elementor-lightbox-slideshow=\"f6f73a7\"                           href=\"https:\/\/artkuechen.com\/wp-content\/uploads\/2023\/09\/Koje25_Comet-GL_Spachtelbeton_Opalgrau_M-scaled.jpg\">\n                            <img decoding=\"async\" src=\"https:\/\/artkuechen.com\/wp-content\/uploads\/2023\/09\/Koje25_Comet-GL_Spachtelbeton_Opalgrau_M-1024x703.jpg\">\n                        <\/a>\n                    <\/div>\n                                    <div class=\"\">\n                        <a data-elementor-open-lightbox=\"yes\" data-elementor-lightbox-slideshow=\"f6f73a7\"                           href=\"https:\/\/artkuechen.com\/wp-content\/uploads\/2023\/09\/44.png\">\n                            <img decoding=\"async\" src=\"https:\/\/artkuechen.com\/wp-content\/uploads\/2023\/09\/44-1024x720.png\">\n                        <\/a>\n                    <\/div>\n                                    <div class=\"\">\n                        <a data-elementor-open-lightbox=\"yes\" data-elementor-lightbox-slideshow=\"f6f73a7\"                           href=\"https:\/\/artkuechen.com\/wp-content\/uploads\/2023\/09\/12.png\">\n                            <img decoding=\"async\" src=\"https:\/\/artkuechen.com\/wp-content\/uploads\/2023\/09\/12-1024x555.png\">\n                        <\/a>\n                    <\/div>\n                                    <div class=\"big\">\n                        <a data-elementor-open-lightbox=\"yes\" data-elementor-lightbox-slideshow=\"f6f73a7\"                           href=\"https:\/\/artkuechen.com\/wp-content\/uploads\/2023\/09\/5.png\">\n                            <img decoding=\"async\" src=\"https:\/\/artkuechen.com\/wp-content\/uploads\/2023\/09\/5-1024x767.png\">\n                        <\/a>\n                    <\/div>\n                                    <div class=\"tall\">\n                        <a data-elementor-open-lightbox=\"yes\" data-elementor-lightbox-slideshow=\"f6f73a7\"                           href=\"https:\/\/artkuechen.com\/wp-content\/uploads\/2023\/09\/30.png\">\n                            <img decoding=\"async\" src=\"https:\/\/artkuechen.com\/wp-content\/uploads\/2023\/09\/30-725x1024.png\">\n                        <\/a>\n                    <\/div>\n                                    <div class=\"\">\n                        <a data-elementor-open-lightbox=\"yes\" data-elementor-lightbox-slideshow=\"f6f73a7\"                           href=\"https:\/\/artkuechen.com\/wp-content\/uploads\/2023\/09\/3-2.png\">\n                            <img decoding=\"async\" src=\"https:\/\/artkuechen.com\/wp-content\/uploads\/2023\/09\/3-2-694x1024.png\">\n                        <\/a>\n                    <\/div>\n                                    <div class=\"\">\n                        <a data-elementor-open-lightbox=\"yes\" data-elementor-lightbox-slideshow=\"f6f73a7\"                           href=\"https:\/\/artkuechen.com\/wp-content\/uploads\/2023\/09\/22-1.png\">\n                            <img decoding=\"async\" src=\"https:\/\/artkuechen.com\/wp-content\/uploads\/2023\/09\/22-1.png\">\n                        <\/a>\n                    <\/div>\n                            <\/div>\n\n        <\/div>\n        \t\t\t\t<\/div>\n\t\t\t\t<\/div>\n\t\t\t\t\t<\/div>\n\t\t<\/div>\n\t\t\t\t\t<\/div>\n\t\t<\/section>\n\t\t\t\t<section class=\"elementor-section elementor-top-section elementor-element elementor-element-563a379 elementor-section-boxed elementor-section-height-default elementor-section-height-default\" data-id=\"563a379\" data-element_type=\"section\" data-e-type=\"section\">\n\t\t\t\t\t\t<div class=\"elementor-container elementor-column-gap-default\">\n\t\t\t\t\t<div class=\"elementor-column elementor-col-50 elementor-top-column elementor-element elementor-element-88c5c1b\" data-id=\"88c5c1b\" data-element_type=\"column\" data-e-type=\"column\">\n\t\t\t<div class=\"elementor-widget-wrap elementor-element-populated\">\n\t\t\t\t\t\t<div class=\"elementor-element elementor-element-678aec6 elementor-widget elementor-widget-button\" data-id=\"678aec6\" data-element_type=\"widget\" data-e-type=\"widget\" data-widget_type=\"button.default\">\n\t\t\t\t<div class=\"elementor-widget-container\">\n\t\t\t\t\t\t\t\t\t<div class=\"elementor-button-wrapper\">\n\t\t\t\t\t<a class=\"elementor-button elementor-button-link elementor-size-sm\" href=\"https:\/\/artkuechen.com\/index.php\/elegante-kuchen\/\">\n\t\t\t\t\t\t<span class=\"elementor-button-content-wrapper\">\n\t\t\t\t\t\t<span class=\"elementor-button-icon\">\n\t\t\t\t<i aria-hidden=\"true\" class=\"fas fa-angle-left\"><\/i>\t\t\t<\/span>\n\t\t\t\t\t\t\t\t\t<span class=\"elementor-button-text\">ELEGANTE K\u00dcCHEN<\/span>\n\t\t\t\t\t<\/span>\n\t\t\t\t\t<\/a>\n\t\t\t\t<\/div>\n\t\t\t\t\t\t\t\t<\/div>\n\t\t\t\t<\/div>\n\t\t\t\t\t<\/div>\n\t\t<\/div>\n\t\t\t\t<div class=\"elementor-column elementor-col-50 elementor-top-column elementor-element elementor-element-f52da65\" data-id=\"f52da65\" data-element_type=\"column\" data-e-type=\"column\">\n\t\t\t<div class=\"elementor-widget-wrap elementor-element-populated\">\n\t\t\t\t\t\t<div class=\"elementor-element elementor-element-dae881a elementor-align-right elementor-widget elementor-widget-button\" data-id=\"dae881a\" data-element_type=\"widget\" data-e-type=\"widget\" data-widget_type=\"button.default\">\n\t\t\t\t<div class=\"elementor-widget-container\">\n\t\t\t\t\t\t\t\t\t<div class=\"elementor-button-wrapper\">\n\t\t\t\t\t<a class=\"elementor-button elementor-button-link elementor-size-sm\" href=\"https:\/\/artkuechen.com\/index.php\/landhauskuchen\/\">\n\t\t\t\t\t\t<span class=\"elementor-button-content-wrapper\">\n\t\t\t\t\t\t<span class=\"elementor-button-icon\">\n\t\t\t\t<i aria-hidden=\"true\" class=\"fas fa-angle-right\"><\/i>\t\t\t<\/span>\n\t\t\t\t\t\t\t\t\t<span class=\"elementor-button-text\">LANDHAUSK\u00dcCHEN<\/span>\n\t\t\t\t\t<\/span>\n\t\t\t\t\t<\/a>\n\t\t\t\t<\/div>\n\t\t\t\t\t\t\t\t<\/div>\n\t\t\t\t<\/div>\n\t\t\t\t\t<\/div>\n\t\t<\/div>\n\t\t\t\t\t<\/div>\n\t\t<\/section>\n\t\t\t\t<section class=\"elementor-section elementor-top-section elementor-element elementor-element-4f97b02 elementor-section-boxed elementor-section-height-default elementor-section-height-default\" data-id=\"4f97b02\" data-element_type=\"section\" data-e-type=\"section\">\n\t\t\t\t\t\t<div class=\"elementor-container elementor-column-gap-default\">\n\t\t\t\t\t<div class=\"elementor-column elementor-col-100 elementor-top-column elementor-element elementor-element-7a5f363\" data-id=\"7a5f363\" data-element_type=\"column\" data-e-type=\"column\">\n\t\t\t<div class=\"elementor-widget-wrap elementor-element-populated\">\n\t\t\t\t\t\t<div class=\"elementor-element elementor-element-80a3082 elementor-widget elementor-widget-spacer\" data-id=\"80a3082\" data-element_type=\"widget\" data-e-type=\"widget\" data-widget_type=\"spacer.default\">\n\t\t\t\t<div class=\"elementor-widget-container\">\n\t\t\t\t\t\t\t<div class=\"elementor-spacer\">\n\t\t\t<div class=\"elementor-spacer-inner\"><\/div>\n\t\t<\/div>\n\t\t\t\t\t\t<\/div>\n\t\t\t\t<\/div>\n\t\t\t\t\t<\/div>\n\t\t<\/div>\n\t\t\t\t\t<\/div>\n\t\t<\/section>\n\t\t\t\t<\/div>\n\t\t","protected":false},"excerpt":{"rendered":"<p>MODERNE K\u00dcCHEN Entdecken Sie unsere modernen K\u00fcchen, die Innovation, Funktionalit\u00e4t und Sch\u00f6nheit vereinen. Unsere modernen K\u00fcchendesigns sind gepr\u00e4gt von klaren Linien, minimalistischem Stil und hochwertigen Materialien. Bei ArtK\u00fcchen legen wir gro\u00dfen Wert auf die Verwendung innovativer Technologien und intelligenter L\u00f6sungen, um Ihnen eine optimale Nutzung Ihrer K\u00fcche zu erm\u00f6glichen.\u00a0 ELEGANTE K\u00dcCHEN LANDHAUSK\u00dcCHEN<\/p>\n","protected":false},"author":1,"featured_media":18055,"parent":0,"menu_order":0,"comment_status":"closed","ping_status":"closed","template":"template-homepage.php","meta":{"inline_featured_image":false,"footnotes":""},"class_list":["post-16688","page","type-page","status-publish","has-post-thumbnail","hentry"],"aioseo_notices":[],"jetpack_sharing_enabled":true,"_links":{"self":[{"href":"https:\/\/artkuechen.com\/index.php\/wp-json\/wp\/v2\/pages\/16688","targetHints":{"allow":["GET"]}}],"collection":[{"href":"https:\/\/artkuechen.com\/index.php\/wp-json\/wp\/v2\/pages"}],"about":[{"href":"https:\/\/artkuechen.com\/index.php\/wp-json\/wp\/v2\/types\/page"}],"author":[{"embeddable":true,"href":"https:\/\/artkuechen.com\/index.php\/wp-json\/wp\/v2\/users\/1"}],"replies":[{"embeddable":true,"href":"https:\/\/artkuechen.com\/index.php\/wp-json\/wp\/v2\/comments?post=16688"}],"version-history":[{"count":96,"href":"https:\/\/artkuechen.com\/index.php\/wp-json\/wp\/v2\/pages\/16688\/revisions"}],"predecessor-version":[{"id":22098,"href":"https:\/\/artkuechen.com\/index.php\/wp-json\/wp\/v2\/pages\/16688\/revisions\/22098"}],"wp:featuredmedia":[{"embeddable":true,"href":"https:\/\/artkuechen.com\/index.php\/wp-json\/wp\/v2\/media\/18055"}],"wp:attachment":[{"href":"https:\/\/artkuechen.com\/index.php\/wp-json\/wp\/v2\/media?parent=16688"}],"curies":[{"name":"wp","href":"https:\/\/api.w.org\/{rel}","templated":true}]}}